{"id":2896,"date":"2002-05-07T00:00:00","date_gmt":"2002-05-07T00:00:00","guid":{"rendered":"https:\/\/miners.rocks\/product\/moosachat-rohstein-3\/"},"modified":"2020-05-19T17:03:03","modified_gmt":"2020-05-19T17:03:03","slug":"pierre-brute-dagate-de-mousse-3","status":"publish","type":"product","link":"https:\/\/westgem.shop\/fr\/produit\/pierre-brute-dagate-de-mousse-3\/","title":{"rendered":"\"MOOSACHAT\" - PIERRE BRUTE"},"content":{"rendered":"<p>Grande pierre brute \"MOOSACHAT\". Les guillemets autour du nom sont dus au fait que ce min\u00e9ral n'est PAS de l'ACHAT, qui s'est \u00e9tabli comme nom commercial. <\/p>\n<p>La MOOSACHAT est en fait une CHALCEDONE DENDRITE, c'est-\u00e0-dire une CHALCEDONE incolore, grasse \u00e0 translucide, avec une incrustation de FLEURS DE CORNE vertes aux structures semblables \u00e0 celles des mousses, les parties ferreuses pouvant produire des colorations brunes \u00e0 rouge\u00e2tres. Les pierres ne sont PAS band\u00e9es, il ne s'agit donc pas non plus d'ACHATE.<\/p>\n<p>Emplacement de ces pierres : Mines de Carnelian \u00e0 Rajpipla-Gujarat - INDE<\/p>\n<p>Poids : 3,6 kilogrammes Dimensions : 22 x 17 x 11 cm<\/p>\n<p>Les photos montrent la pierre sous tous les angles, dans les cavit\u00e9s se trouvent des cristaux de quartz monocristallins (CRISTAL DE MONTAGNE).<\/p>","protected":false},"excerpt":{"rendered":"<p>Grande pierre brute \"MOOSACHAT\". Les guillemets autour du nom sont dus au fait que ce min\u00e9ral n'est PAS de l'ACHAT, qui s'est \u00e9tabli comme nom commercial. MOOSACHAT est en fait une CHALCEDONE DENDRITE, c'est-\u00e0-dire une CHALCEDONE incolore, grise \u00e0 translucide, avec une inclusion de FLEURS DE CORNE vertes avec des structures semblables \u00e0 celles des mousses, les parties ferreuses peuvent produire des colorations brunes \u00e0 rouge\u00e2tres. [...]<\/p>","protected":false},"featured_media":4881,"template":"","meta":{"_acf_changed":false},"region":[],"product_brand":[],"product_cat":[15],"product_tag":[],"class_list":{"0":"post-2896","1":"product","2":"type-product","3":"status-publish","4":"has-post-thumbnail","6":"product_cat-mineralien","8":"first","9":"outofstock","10":"sold-individually","11":"product-type-simple"},"acf":[],"_links":{"self":[{"href":"https:\/\/westgem.shop\/fr\/wp-json\/wp\/v2\/product\/2896","targetHints":{"allow":["GET"]}}],"collection":[{"href":"https:\/\/westgem.shop\/fr\/wp-json\/wp\/v2\/product"}],"about":[{"href":"https:\/\/westgem.shop\/fr\/wp-json\/wp\/v2\/types\/product"}],"wp:featuredmedia":[{"embeddable":true,"href":"https:\/\/westgem.shop\/fr\/wp-json\/wp\/v2\/media\/4881"}],"wp:attachment":[{"href":"https:\/\/westgem.shop\/fr\/wp-json\/wp\/v2\/media?parent=2896"}],"wp:term":[{"taxonomy":"region","embeddable":true,"href":"https:\/\/westgem.shop\/fr\/wp-json\/wp\/v2\/region?post=2896"},{"taxonomy":"product_brand","embeddable":true,"href":"https:\/\/westgem.shop\/fr\/wp-json\/wp\/v2\/product_brand?post=2896"},{"taxonomy":"product_cat","embeddable":true,"href":"https:\/\/westgem.shop\/fr\/wp-json\/wp\/v2\/product_cat?post=2896"},{"taxonomy":"product_tag","embeddable":true,"href":"https:\/\/westgem.shop\/fr\/wp-json\/wp\/v2\/product_tag?post=2896"}],"curies":[{"name":"wp","href":"https:\/\/api.w.org\/{rel}","templated":true}]}}