{"id":2897,"date":"2002-05-08T00:00:00","date_gmt":"2002-05-08T00:00:00","guid":{"rendered":"https:\/\/miners.rocks\/product\/echte-jade-rohstein-canada\/"},"modified":"2020-05-19T17:03:03","modified_gmt":"2020-05-19T17:03:03","slug":"veritable-pierre-brute-de-jade-canada","status":"publish","type":"product","link":"https:\/\/westgem.shop\/fr\/produit\/veritable-pierre-brute-de-jade-canada\/","title":{"rendered":"V\u00e9ritable JADE - PIERRE BRUTE - CANADA"},"content":{"rendered":"<p>Seuls les min\u00e9raux suivants font partie du VRAI JADE : JADEIT, NEPHRIT et MAW SIT SIT.<\/p>\n<p>Cette pierre brute de la vari\u00e9t\u00e9 JADE NEPHRIT provient de la COLOMBIE BRITANNIQUE \u00e0 l'ouest du CANADA et de la MINE CASSIAR.<\/p>\n<p>Translucide sur les bords. Nous avons photographi\u00e9 avec des spots halog\u00e8nes en arri\u00e8re-plan, c'est pourquoi la couleur est jaun\u00e2tre, mais en r\u00e9alit\u00e9 la partie jaune visible est -. <u>tr\u00e8s beau VERT ! <\/u><\/p>\n<p>Poids : 560 g ( 90,-\u20ac par Kg.) Dimensions : 18 x 7 x 4,5 cm<\/p>","protected":false},"excerpt":{"rendered":"<p>Cette pierre brute de la vari\u00e9t\u00e9 de JADE NEPHRIT provient de la COLUMBIE BRITANNIQUE dans l'ouest du CANADA et de la MINE CASSIAR.<\/p>","protected":false},"featured_media":4886,"template":"","meta":{"_acf_changed":false},"region":[],"product_brand":[],"product_cat":[15],"product_tag":[],"class_list":{"0":"post-2897","1":"product","2":"type-product","3":"status-publish","4":"has-post-thumbnail","6":"product_cat-mineralien","8":"first","9":"outofstock","10":"sold-individually","11":"product-type-simple"},"acf":[],"_links":{"self":[{"href":"https:\/\/westgem.shop\/fr\/wp-json\/wp\/v2\/product\/2897","targetHints":{"allow":["GET"]}}],"collection":[{"href":"https:\/\/westgem.shop\/fr\/wp-json\/wp\/v2\/product"}],"about":[{"href":"https:\/\/westgem.shop\/fr\/wp-json\/wp\/v2\/types\/product"}],"wp:featuredmedia":[{"embeddable":true,"href":"https:\/\/westgem.shop\/fr\/wp-json\/wp\/v2\/media\/4886"}],"wp:attachment":[{"href":"https:\/\/westgem.shop\/fr\/wp-json\/wp\/v2\/media?parent=2897"}],"wp:term":[{"taxonomy":"region","embeddable":true,"href":"https:\/\/westgem.shop\/fr\/wp-json\/wp\/v2\/region?post=2897"},{"taxonomy":"product_brand","embeddable":true,"href":"https:\/\/westgem.shop\/fr\/wp-json\/wp\/v2\/product_brand?post=2897"},{"taxonomy":"product_cat","embeddable":true,"href":"https:\/\/westgem.shop\/fr\/wp-json\/wp\/v2\/product_cat?post=2897"},{"taxonomy":"product_tag","embeddable":true,"href":"https:\/\/westgem.shop\/fr\/wp-json\/wp\/v2\/product_tag?post=2897"}],"curies":[{"name":"wp","href":"https:\/\/api.w.org\/{rel}","templated":true}]}}