{"id":2898,"date":"2002-05-09T00:00:00","date_gmt":"2002-05-09T00:00:00","guid":{"rendered":"https:\/\/miners.rocks\/product\/cracy-lace-calcit-mexiko-2\/"},"modified":"2020-05-19T17:03:04","modified_gmt":"2020-05-19T17:03:04","slug":"cracy-lace-calcit-mexico-2","status":"publish","type":"product","link":"https:\/\/westgem.shop\/fr\/produit\/cracy-lace-calcit-mexico-2\/","title":{"rendered":"CRACY LACE CALCIT - Mexique"},"content":{"rendered":"<p>CRACY LACE = traduit : Cordes ou lignes folles<\/p>\n<p>Cette d\u00e9signation est surtout connue chez les ACHATES de LAGUNAS au Mexique. Mais il existe aussi, \u00e0 peine visibles nulle part, les m\u00eames motifs, semblables \u00e0 s'y m\u00e9prendre, dans une vari\u00e9t\u00e9 de CALCIT, \u00e9galement du Mexique ou de DURANGO.<\/p>\n<p>Cette pierre brute est taill\u00e9e sur les c\u00f4t\u00e9s larges, mais pas polie.<\/p>\n<p>Poids : 420 g Dimensions : 12 x 7 x 3 cm<\/p>","protected":false},"excerpt":{"rendered":"<p>CRACY LACE = traduit : Cordes ou lignes folles Cette d\u00e9signation est surtout connue chez les ACHATES de LAGUNAS au Mexique. Mais il existe aussi, \u00e0 peine visibles, les m\u00eames motifs, semblables \u00e0 s'y m\u00e9prendre, dans une vari\u00e9t\u00e9 de CALCITE, \u00e9galement du Mexique ou de DURANGO. Cette pierre brute est taill\u00e9e sur les c\u00f4t\u00e9s larges, mais pas polie. [...]<\/p>","protected":false},"featured_media":4890,"template":"","meta":{"_acf_changed":false},"region":[],"product_brand":[],"product_cat":[15],"product_tag":[],"class_list":{"0":"post-2898","1":"product","2":"type-product","3":"status-publish","4":"has-post-thumbnail","6":"product_cat-mineralien","8":"first","9":"outofstock","10":"sold-individually","11":"product-type-simple"},"acf":[],"_links":{"self":[{"href":"https:\/\/westgem.shop\/fr\/wp-json\/wp\/v2\/product\/2898","targetHints":{"allow":["GET"]}}],"collection":[{"href":"https:\/\/westgem.shop\/fr\/wp-json\/wp\/v2\/product"}],"about":[{"href":"https:\/\/westgem.shop\/fr\/wp-json\/wp\/v2\/types\/product"}],"wp:featuredmedia":[{"embeddable":true,"href":"https:\/\/westgem.shop\/fr\/wp-json\/wp\/v2\/media\/4890"}],"wp:attachment":[{"href":"https:\/\/westgem.shop\/fr\/wp-json\/wp\/v2\/media?parent=2898"}],"wp:term":[{"taxonomy":"region","embeddable":true,"href":"https:\/\/westgem.shop\/fr\/wp-json\/wp\/v2\/region?post=2898"},{"taxonomy":"product_brand","embeddable":true,"href":"https:\/\/westgem.shop\/fr\/wp-json\/wp\/v2\/product_brand?post=2898"},{"taxonomy":"product_cat","embeddable":true,"href":"https:\/\/westgem.shop\/fr\/wp-json\/wp\/v2\/product_cat?post=2898"},{"taxonomy":"product_tag","embeddable":true,"href":"https:\/\/westgem.shop\/fr\/wp-json\/wp\/v2\/product_tag?post=2898"}],"curies":[{"name":"wp","href":"https:\/\/api.w.org\/{rel}","templated":true}]}}