{"id":2899,"date":"2002-05-10T00:00:00","date_gmt":"2002-05-10T00:00:00","guid":{"rendered":"https:\/\/miners.rocks\/product\/austr-edelopal-rohstein\/"},"modified":"2020-05-19T17:03:06","modified_gmt":"2020-05-19T17:03:06","slug":"pierre-brute-austr-edelopal","status":"publish","type":"product","link":"https:\/\/westgem.shop\/fr\/produit\/pierre-brute-austr-edelopal\/","title":{"rendered":"EDELOPAL australien - PIERRE BRUTE"},"content":{"rendered":"<p>Tr\u00e8s belle pierre brute BOULDER EDELOPAL avec SPOTS, selon l'incidence de la lumi\u00e8re.<\/p>\n<p>La matrice argilo-sableuse contenant du fer est travers\u00e9e de veines OPAL.<\/p>\n<p>QUILPIE OPAL FIELDS - SUD-OUEST DU QUEENSLAND<\/p>\n<p>Australie<\/p>\n<p>Poids : 69 g Dimensions : 4,5 x 5,5 x 1,7 cm<\/p>\n<p>><u>Voir d'autres OPALE dans la cat\u00e9gorie :<\/u><\/p>\n<p>><u>Min\u00e9raux d'Australie<\/u><\/p>","protected":false},"excerpt":{"rendered":"<p>Tr\u00e8s belle pierre brute BOULDER EDELOPAL avec SPOTS, selon l'incidence de la lumi\u00e8re. La matrice argilo-sableuse contenant du fer est travers\u00e9e de veines d'OPAL. QUILPIE OPAL FIELDS - SOUTH WEST QUEENSLAND Australie Poids : 69 g Dimensions : 4,5 x 5,5 x 1,7 cm &gt;Voir d'autres OPALE dans la cat\u00e9gorie : &gt;Min\u00e9raux australiens<\/p>","protected":false},"featured_media":4895,"template":"","meta":{"_acf_changed":false},"region":[],"product_brand":[],"product_cat":[15],"product_tag":[],"class_list":{"0":"post-2899","1":"product","2":"type-product","3":"status-publish","4":"has-post-thumbnail","6":"product_cat-mineralien","8":"first","9":"outofstock","10":"sold-individually","11":"product-type-simple"},"acf":[],"_links":{"self":[{"href":"https:\/\/westgem.shop\/fr\/wp-json\/wp\/v2\/product\/2899","targetHints":{"allow":["GET"]}}],"collection":[{"href":"https:\/\/westgem.shop\/fr\/wp-json\/wp\/v2\/product"}],"about":[{"href":"https:\/\/westgem.shop\/fr\/wp-json\/wp\/v2\/types\/product"}],"wp:featuredmedia":[{"embeddable":true,"href":"https:\/\/westgem.shop\/fr\/wp-json\/wp\/v2\/media\/4895"}],"wp:attachment":[{"href":"https:\/\/westgem.shop\/fr\/wp-json\/wp\/v2\/media?parent=2899"}],"wp:term":[{"taxonomy":"region","embeddable":true,"href":"https:\/\/westgem.shop\/fr\/wp-json\/wp\/v2\/region?post=2899"},{"taxonomy":"product_brand","embeddable":true,"href":"https:\/\/westgem.shop\/fr\/wp-json\/wp\/v2\/product_brand?post=2899"},{"taxonomy":"product_cat","embeddable":true,"href":"https:\/\/westgem.shop\/fr\/wp-json\/wp\/v2\/product_cat?post=2899"},{"taxonomy":"product_tag","embeddable":true,"href":"https:\/\/westgem.shop\/fr\/wp-json\/wp\/v2\/product_tag?post=2899"}],"curies":[{"name":"wp","href":"https:\/\/api.w.org\/{rel}","templated":true}]}}