{"id":2901,"date":"2002-05-12T00:00:00","date_gmt":"2002-05-12T00:00:00","guid":{"rendered":"https:\/\/miners.rocks\/product\/bornit-mexiko\/"},"modified":"2020-05-19T17:03:07","modified_gmt":"2020-05-19T17:03:07","slug":"bornit-mexico-2","status":"publish","type":"product","link":"https:\/\/westgem.shop\/fr\/produit\/bornit-mexico-2\/","title":{"rendered":"BORNIT - Mexique"},"content":{"rendered":"<p>BORNIT avec CHALCOPYRIT<\/p>\n<p>La BORNITE = CUPRE BRUNE se forme dans les gisements de cuivre pauvres en fer et est un minerai de cuivre tr\u00e8s important. La teneur en CUPRE va jusqu'\u00e0 plus de 60% en poids.<\/p>\n<p>Les couleurs vont du brun-rouge au violet et au bleu, avec des reflets multicolores. <\/p>\n<p>Nos pierres sont NATURELLES, c'est-\u00e0-dire qu'elles n'ont PAS \u00e9t\u00e9 trait\u00e9es \u00e0 l'acide pour am\u00e9liorer l'effet de couleur, comme c'est g\u00e9n\u00e9ralement le cas pour les GALETS DE CUIVRE COLOR\u00c9S que l'on trouve en vente.<\/p>\n<p>La partie dor\u00e9e est CHALCOPYRIT (KUPFERKIES)<\/p>\n<p>MINE de SAN MIGUEL - Mexique<\/p>\n<p>Poids : 520 g Dimensions : 9 x 6 x 5 cm<\/p>","protected":false},"excerpt":{"rendered":"<p>BORNITE avec CHALCOPYRITE BORNITE = CUPRE COLOR\u00c9 se forme dans les gisements de cuivre pauvres en fer et est un minerai de cuivre tr\u00e8s important. La teneur en CUPRE va jusqu'\u00e0 plus de 60% en poids. Les couleurs vont du brun-rouge au violet et au bleu, avec des reflets multicolores. Nos pierres sont NATURELLES, c'est-\u00e0-dire qu'elles n'ont pas \u00e9t\u00e9 trait\u00e9es \u00e0 l'acide pour am\u00e9liorer l'effet de couleur, comme on trouve habituellement les GRAVES DE CUIVRE COLOR\u00c9S dans [...].<\/p>","protected":false},"featured_media":4903,"template":"","meta":{"_acf_changed":false},"region":[],"product_brand":[],"product_cat":[15],"product_tag":[],"class_list":{"0":"post-2901","1":"product","2":"type-product","3":"status-publish","4":"has-post-thumbnail","6":"product_cat-mineralien","8":"first","9":"outofstock","10":"sold-individually","11":"product-type-simple"},"acf":[],"_links":{"self":[{"href":"https:\/\/westgem.shop\/fr\/wp-json\/wp\/v2\/product\/2901","targetHints":{"allow":["GET"]}}],"collection":[{"href":"https:\/\/westgem.shop\/fr\/wp-json\/wp\/v2\/product"}],"about":[{"href":"https:\/\/westgem.shop\/fr\/wp-json\/wp\/v2\/types\/product"}],"wp:featuredmedia":[{"embeddable":true,"href":"https:\/\/westgem.shop\/fr\/wp-json\/wp\/v2\/media\/4903"}],"wp:attachment":[{"href":"https:\/\/westgem.shop\/fr\/wp-json\/wp\/v2\/media?parent=2901"}],"wp:term":[{"taxonomy":"region","embeddable":true,"href":"https:\/\/westgem.shop\/fr\/wp-json\/wp\/v2\/region?post=2901"},{"taxonomy":"product_brand","embeddable":true,"href":"https:\/\/westgem.shop\/fr\/wp-json\/wp\/v2\/product_brand?post=2901"},{"taxonomy":"product_cat","embeddable":true,"href":"https:\/\/westgem.shop\/fr\/wp-json\/wp\/v2\/product_cat?post=2901"},{"taxonomy":"product_tag","embeddable":true,"href":"https:\/\/westgem.shop\/fr\/wp-json\/wp\/v2\/product_tag?post=2901"}],"curies":[{"name":"wp","href":"https:\/\/api.w.org\/{rel}","templated":true}]}}