{"id":2903,"date":"2002-05-14T00:00:00","date_gmt":"2002-05-14T00:00:00","guid":{"rendered":"https:\/\/miners.rocks\/product\/mookait-roh-3\/"},"modified":"2020-05-19T17:03:08","modified_gmt":"2020-05-19T17:03:08","slug":"mookait-brut-3","status":"publish","type":"product","link":"https:\/\/westgem.shop\/fr\/produit\/mookait-brut-3\/","title":{"rendered":"Mookait - ROH"},"content":{"rendered":"<p><u>Pierre brute de mookait 1,3 kilogramme<\/u><\/p>\n<p>Mookait - nom du lieu de d\u00e9couverte en Australie occidentale MOOKA MOOKA qui signifie \"eau courante\" dans la langue des autochtones australiens. Le seul site au monde se trouve sur et autour de la rivi\u00e8re Gascoyne.<\/p>\n<p>Selon les derni\u00e8res \u00e9tudes, la mooka\u00efte n'est PAS du jaspe - mais un m\u00e9lange min\u00e9ral de CHALCEDONE - PIERRE et d'OPALITE en proportions variables. Les pierres ont plus de 1 MILLIARDE d'ann\u00e9es.<\/p>\n<p>Dimensions : 13 x 9 x 9 cm Poids : 1,3 kilogramme<\/p>","protected":false},"excerpt":{"rendered":"<p>Pierre brute de mookait 1,3 kilogramme Mookait - nom d'apr\u00e8s le lieu de d\u00e9couverte en Australie occidentale MOOKA MOOKA qui signifie \" eau courante \" dans la langue des autochtones australiens. Le seul site au monde se trouve sur et autour de la rivi\u00e8re Gascoyne. D'apr\u00e8s les derni\u00e8res \u00e9tudes, la mooka\u00efte n'est PAS du jaspe - mais un m\u00e9lange min\u00e9ral de CHALCEDON - [...].<\/p>","protected":false},"featured_media":4908,"template":"","meta":{"_acf_changed":false},"region":[],"product_brand":[],"product_cat":[15],"product_tag":[],"class_list":{"0":"post-2903","1":"product","2":"type-product","3":"status-publish","4":"has-post-thumbnail","6":"product_cat-mineralien","8":"first","9":"outofstock","10":"sold-individually","11":"product-type-simple"},"acf":[],"_links":{"self":[{"href":"https:\/\/westgem.shop\/fr\/wp-json\/wp\/v2\/product\/2903","targetHints":{"allow":["GET"]}}],"collection":[{"href":"https:\/\/westgem.shop\/fr\/wp-json\/wp\/v2\/product"}],"about":[{"href":"https:\/\/westgem.shop\/fr\/wp-json\/wp\/v2\/types\/product"}],"wp:featuredmedia":[{"embeddable":true,"href":"https:\/\/westgem.shop\/fr\/wp-json\/wp\/v2\/media\/4908"}],"wp:attachment":[{"href":"https:\/\/westgem.shop\/fr\/wp-json\/wp\/v2\/media?parent=2903"}],"wp:term":[{"taxonomy":"region","embeddable":true,"href":"https:\/\/westgem.shop\/fr\/wp-json\/wp\/v2\/region?post=2903"},{"taxonomy":"product_brand","embeddable":true,"href":"https:\/\/westgem.shop\/fr\/wp-json\/wp\/v2\/product_brand?post=2903"},{"taxonomy":"product_cat","embeddable":true,"href":"https:\/\/westgem.shop\/fr\/wp-json\/wp\/v2\/product_cat?post=2903"},{"taxonomy":"product_tag","embeddable":true,"href":"https:\/\/westgem.shop\/fr\/wp-json\/wp\/v2\/product_tag?post=2903"}],"curies":[{"name":"wp","href":"https:\/\/api.w.org\/{rel}","templated":true}]}}