{"id":2904,"date":"2002-05-15T00:00:00","date_gmt":"2002-05-15T00:00:00","guid":{"rendered":"https:\/\/miners.rocks\/product\/australischer-edelopal-roh\/"},"modified":"2020-05-19T17:03:08","modified_gmt":"2020-05-19T17:03:08","slug":"edelopal-australien-brut","status":"publish","type":"product","link":"https:\/\/westgem.shop\/fr\/produit\/edelopal-australien-brut\/","title":{"rendered":"EDELOPAL australien - brut"},"content":{"rendered":"<p>des QUILPIE OPAL FIELDS au SOUTH WEST QUEENSLAND<\/p>\n<p>EDELOPAL brut avec \" GREEN SPOTS\" selon l'incidence de la lumi\u00e8re<\/p>\n<p>Les OPALES BOULDER sont des OPALES MATRIQUES - elles font partie des OPALES EDELS.<\/p>\n<p>La MATRIX est une argile ferrugineuse - gr\u00e8s<\/p>\n<p>Poids : 40 g Dimensions : 6 x 2,5 x 1 cm<\/p>","protected":false},"excerpt":{"rendered":"<p>des QUILPIE OPAL FIELDS au SOUTH WEST QUEENSLAND OPALE brut avec des \"GREEN SPOTS\" selon l'incidence de la lumi\u00e8re Les OPALES BOULDER sont appel\u00e9s OPALE MATRIX - comptent parmi les OPALES EDELOGIQUES La MATRIX est un gr\u00e8s argileux contenant du fer Poids : 40 g Dimensions : 6 x 2,5 x 1 cm<\/p>","protected":false},"featured_media":4913,"template":"","meta":{"_acf_changed":false},"region":[],"product_brand":[],"product_cat":[15],"product_tag":[],"class_list":{"0":"post-2904","1":"product","2":"type-product","3":"status-publish","4":"has-post-thumbnail","6":"product_cat-mineralien","8":"first","9":"outofstock","10":"sold-individually","11":"product-type-simple"},"acf":[],"_links":{"self":[{"href":"https:\/\/westgem.shop\/fr\/wp-json\/wp\/v2\/product\/2904","targetHints":{"allow":["GET"]}}],"collection":[{"href":"https:\/\/westgem.shop\/fr\/wp-json\/wp\/v2\/product"}],"about":[{"href":"https:\/\/westgem.shop\/fr\/wp-json\/wp\/v2\/types\/product"}],"wp:featuredmedia":[{"embeddable":true,"href":"https:\/\/westgem.shop\/fr\/wp-json\/wp\/v2\/media\/4913"}],"wp:attachment":[{"href":"https:\/\/westgem.shop\/fr\/wp-json\/wp\/v2\/media?parent=2904"}],"wp:term":[{"taxonomy":"region","embeddable":true,"href":"https:\/\/westgem.shop\/fr\/wp-json\/wp\/v2\/region?post=2904"},{"taxonomy":"product_brand","embeddable":true,"href":"https:\/\/westgem.shop\/fr\/wp-json\/wp\/v2\/product_brand?post=2904"},{"taxonomy":"product_cat","embeddable":true,"href":"https:\/\/westgem.shop\/fr\/wp-json\/wp\/v2\/product_cat?post=2904"},{"taxonomy":"product_tag","embeddable":true,"href":"https:\/\/westgem.shop\/fr\/wp-json\/wp\/v2\/product_tag?post=2904"}],"curies":[{"name":"wp","href":"https:\/\/api.w.org\/{rel}","templated":true}]}}