{"id":2905,"date":"2002-05-16T00:00:00","date_gmt":"2002-05-16T00:00:00","guid":{"rendered":"https:\/\/miners.rocks\/product\/australischer-opal-roh-3\/"},"modified":"2020-05-19T17:03:09","modified_gmt":"2020-05-19T17:03:09","slug":"opale-australienne-brute-3","status":"publish","type":"product","link":"https:\/\/westgem.shop\/fr\/produit\/opale-australienne-brute-3\/","title":{"rendered":"OPAL australien - brut"},"content":{"rendered":"<p>Bel EDELOPAL avec DEUX surfaces OPAL sur la MATRIX de gr\u00e8s ferrugineux Dans les surfaces OPAL g\u00e9lifi\u00e9es apparaissent, selon l'incidence de la lumi\u00e8re, des \"GREEN SPOTS\".<\/p>\n<p>QUILPIE OPAL FIELDS - SUD OUEST DU QUEENSLAND - AUISTRAL<\/p>\n<p>Poids : 20 g Dimensions : 3,5 x 2,5 x 2,5 cm<\/p>","protected":false},"excerpt":{"rendered":"<p>Bel EDELOPAL avec DEUX surfaces OPAL sur la MATRICE de gr\u00e8s ferrugineux Dans les surfaces OPAL g\u00e9lifi\u00e9es apparaissent, selon l'incidence de la lumi\u00e8re, des \"GREEN SPOTS\" QUILPIE OPAL FIELDS - SOUTH WEST QUEENSLAND - AUISTRALIEN Poids : 20 g Dimensions : 3,5 x 2,5 x 2,5 cm<\/p>","protected":false},"featured_media":4915,"template":"","meta":{"_acf_changed":false},"region":[],"product_brand":[],"product_cat":[15],"product_tag":[],"class_list":{"0":"post-2905","1":"product","2":"type-product","3":"status-publish","4":"has-post-thumbnail","6":"product_cat-mineralien","8":"first","9":"outofstock","10":"sold-individually","11":"product-type-simple"},"acf":[],"_links":{"self":[{"href":"https:\/\/westgem.shop\/fr\/wp-json\/wp\/v2\/product\/2905","targetHints":{"allow":["GET"]}}],"collection":[{"href":"https:\/\/westgem.shop\/fr\/wp-json\/wp\/v2\/product"}],"about":[{"href":"https:\/\/westgem.shop\/fr\/wp-json\/wp\/v2\/types\/product"}],"wp:featuredmedia":[{"embeddable":true,"href":"https:\/\/westgem.shop\/fr\/wp-json\/wp\/v2\/media\/4915"}],"wp:attachment":[{"href":"https:\/\/westgem.shop\/fr\/wp-json\/wp\/v2\/media?parent=2905"}],"wp:term":[{"taxonomy":"region","embeddable":true,"href":"https:\/\/westgem.shop\/fr\/wp-json\/wp\/v2\/region?post=2905"},{"taxonomy":"product_brand","embeddable":true,"href":"https:\/\/westgem.shop\/fr\/wp-json\/wp\/v2\/product_brand?post=2905"},{"taxonomy":"product_cat","embeddable":true,"href":"https:\/\/westgem.shop\/fr\/wp-json\/wp\/v2\/product_cat?post=2905"},{"taxonomy":"product_tag","embeddable":true,"href":"https:\/\/westgem.shop\/fr\/wp-json\/wp\/v2\/product_tag?post=2905"}],"curies":[{"name":"wp","href":"https:\/\/api.w.org\/{rel}","templated":true}]}}