{"id":2906,"date":"2002-05-17T00:00:00","date_gmt":"2002-05-17T00:00:00","guid":{"rendered":"https:\/\/miners.rocks\/product\/hildegard-jaspis-rohstein-2\/"},"modified":"2020-05-19T17:03:09","modified_gmt":"2020-05-19T17:03:09","slug":"hildegard-jaspis-pierre-brute-2","status":"publish","type":"product","link":"https:\/\/westgem.shop\/fr\/produit\/hildegard-jaspis-pierre-brute-2\/","title":{"rendered":"\" Hildegard Jaspis \" - Pierre brute"},"content":{"rendered":"<p>Sog. Le jaspe HILDEDARD est une VARI\u00c9T\u00c9 de jaspe contenant des proportions d'ACHAT. Le nom min\u00e9ral correct serait JASPACHAT.<\/p>\n<p>La couleur du jaspe est jaune-rouge-vert et les proportions d'ACHAT-CHALCEDON sont blanches.<\/p>\n<p>Ces pierres ont \u00e9t\u00e9 trouv\u00e9es il y a plus de 10 ans - TIDIKELT en ALG\u00c9RIE<\/p>\n<p>Poids : 1,2 kilogramme Dimensions : 13 x 9 x 8 cm<\/p>","protected":false},"excerpt":{"rendered":"<p>Sog. Le jaspe HILDEDARD est une VARI\u00c9T\u00c9 de jaspe contenant des proportions d'ACHAT. Le nom min\u00e9ral correct serait JASPACHAT. La couleur du jaspe est jaune-rouge-vert et les parties d'ACHAT-CHALCEDON sont blanches. Le lieu de d\u00e9couverte de ces pierres \u00e9tait il y a plus de 10 ans - TIDIKELT en ALG\u00c9RIE Poids : 1,2 kilogramme Dimensions : 13 x 9 x 8 cm<\/p>","protected":false},"featured_media":4919,"template":"","meta":{"_acf_changed":false},"region":[],"product_brand":[],"product_cat":[15],"product_tag":[],"class_list":{"0":"post-2906","1":"product","2":"type-product","3":"status-publish","4":"has-post-thumbnail","6":"product_cat-mineralien","8":"first","9":"outofstock","10":"sold-individually","11":"product-type-simple"},"acf":[],"_links":{"self":[{"href":"https:\/\/westgem.shop\/fr\/wp-json\/wp\/v2\/product\/2906","targetHints":{"allow":["GET"]}}],"collection":[{"href":"https:\/\/westgem.shop\/fr\/wp-json\/wp\/v2\/product"}],"about":[{"href":"https:\/\/westgem.shop\/fr\/wp-json\/wp\/v2\/types\/product"}],"wp:featuredmedia":[{"embeddable":true,"href":"https:\/\/westgem.shop\/fr\/wp-json\/wp\/v2\/media\/4919"}],"wp:attachment":[{"href":"https:\/\/westgem.shop\/fr\/wp-json\/wp\/v2\/media?parent=2906"}],"wp:term":[{"taxonomy":"region","embeddable":true,"href":"https:\/\/westgem.shop\/fr\/wp-json\/wp\/v2\/region?post=2906"},{"taxonomy":"product_brand","embeddable":true,"href":"https:\/\/westgem.shop\/fr\/wp-json\/wp\/v2\/product_brand?post=2906"},{"taxonomy":"product_cat","embeddable":true,"href":"https:\/\/westgem.shop\/fr\/wp-json\/wp\/v2\/product_cat?post=2906"},{"taxonomy":"product_tag","embeddable":true,"href":"https:\/\/westgem.shop\/fr\/wp-json\/wp\/v2\/product_tag?post=2906"}],"curies":[{"name":"wp","href":"https:\/\/api.w.org\/{rel}","templated":true}]}}