{"id":2907,"date":"2002-05-18T00:00:00","date_gmt":"2002-05-18T00:00:00","guid":{"rendered":"https:\/\/miners.rocks\/product\/epidot-xx-madagaskar\/"},"modified":"2020-05-19T17:03:10","modified_gmt":"2020-05-19T17:03:10","slug":"epidote-xx-malgache","status":"publish","type":"product","link":"https:\/\/westgem.shop\/fr\/produit\/epidote-xx-malgache\/","title":{"rendered":"EPIDOT xx - Madagascar"},"content":{"rendered":"<p>NOUVEAU FOND 2012<\/p>\n<p>Agr\u00e9gats de cristaux EPIDOT tr\u00e8s brillants - avec de nombreux cristaux expos\u00e9s sur le dessus des marches. !<\/p>\n<p> SUPER min\u00e9ral de collection ! <\/p>\n<p>PRIX EN LIGNE TR\u00c8S avantageux !<\/p>\n<p>La derni\u00e8re image montre l'arri\u00e8re.<\/p>\n<p>poids : 590 g <\/p>\n<p>Dimensions : 11 x 8 x 5 cm<\/p>","protected":false},"excerpt":{"rendered":"<p>NOUVELLE D\u00c9COUVERTE 2012 Agr\u00e9gats de cristaux EPIDOT tr\u00e8s brillants - avec de nombreux cristaux expos\u00e9s sur le dessus des marches. ! SUPER min\u00e9ral de collection ! PRIX EN LIGNE TR\u00c8S avantageux ! La derni\u00e8re photo montre le verso. Poids : 590 g Dimensions : 11 x 8 x 5 cm<\/p>","protected":false},"featured_media":4922,"template":"","meta":{"_acf_changed":false},"region":[],"product_brand":[],"product_cat":[15],"product_tag":[],"class_list":{"0":"post-2907","1":"product","2":"type-product","3":"status-publish","4":"has-post-thumbnail","6":"product_cat-mineralien","8":"first","9":"outofstock","10":"sold-individually","11":"product-type-simple"},"acf":[],"_links":{"self":[{"href":"https:\/\/westgem.shop\/fr\/wp-json\/wp\/v2\/product\/2907","targetHints":{"allow":["GET"]}}],"collection":[{"href":"https:\/\/westgem.shop\/fr\/wp-json\/wp\/v2\/product"}],"about":[{"href":"https:\/\/westgem.shop\/fr\/wp-json\/wp\/v2\/types\/product"}],"wp:featuredmedia":[{"embeddable":true,"href":"https:\/\/westgem.shop\/fr\/wp-json\/wp\/v2\/media\/4922"}],"wp:attachment":[{"href":"https:\/\/westgem.shop\/fr\/wp-json\/wp\/v2\/media?parent=2907"}],"wp:term":[{"taxonomy":"region","embeddable":true,"href":"https:\/\/westgem.shop\/fr\/wp-json\/wp\/v2\/region?post=2907"},{"taxonomy":"product_brand","embeddable":true,"href":"https:\/\/westgem.shop\/fr\/wp-json\/wp\/v2\/product_brand?post=2907"},{"taxonomy":"product_cat","embeddable":true,"href":"https:\/\/westgem.shop\/fr\/wp-json\/wp\/v2\/product_cat?post=2907"},{"taxonomy":"product_tag","embeddable":true,"href":"https:\/\/westgem.shop\/fr\/wp-json\/wp\/v2\/product_tag?post=2907"}],"curies":[{"name":"wp","href":"https:\/\/api.w.org\/{rel}","templated":true}]}}