{"id":2909,"date":"2002-05-20T00:00:00","date_gmt":"2002-05-20T00:00:00","guid":{"rendered":"https:\/\/miners.rocks\/product\/tigereisen-aa-polierte-platte\/"},"modified":"2020-05-19T17:03:12","modified_gmt":"2020-05-19T17:03:12","slug":"fer-de-tigre-aa-plaque-polie","status":"publish","type":"product","link":"https:\/\/westgem.shop\/fr\/produit\/fer-de-tigre-aa-plaque-polie\/","title":{"rendered":"Fer Tigre AA - Plaque polie"},"content":{"rendered":"<p>TOP Ponc\u00e9 \u00e0 la main et poli miroir.<\/p>\n<p>Fer de Tigre = m\u00e9lange de min\u00e9raux de<\/p>\n<p>Veines de magn\u00e9tite m\u00e9talliques et brillantes = minerais ruban\u00e9s qui se sont \u00e9chapp\u00e9s de volcans sous-marins il y a environ 2,1 milliards d'ann\u00e9es avec - - - - - - - - - - - - - - - -.<\/p>\n<p>Jaspe brun rouge et \u0153il de tigre dor\u00e9 brillant<\/p>\n<p>Lieu de d\u00e9couverte : Bandet Iron Mine - TRANSVAAL<\/p>\n<p>AFRIQUE DU SUD<\/p>\n<p>Ponc\u00e9 des deux c\u00f4t\u00e9s avec un polissage brillant - TR\u00c8S D\u00c9CORATIF<\/p>\n<p>Poids : 761 g Dimensions : 18 x 14 x 1 cm <\/p>\n<p>Livr\u00e9 avec support coulissant en plexiglas GRATUIT .<\/p>","protected":false},"excerpt":{"rendered":"<p>TOP Taill\u00e9 \u00e0 la main et poli miroir. Fer de tigre = m\u00e9lange min\u00e9ral de veines de magn\u00e9tite m\u00e9talliques brillantes = minerais de rubis qui se sont \u00e9chapp\u00e9s de volcans sous-marins il y a environ 2,1 milliards d'ann\u00e9es avec - du jaspe brun rouge et de l'\u0153il de tigre dor\u00e9 Lieu de d\u00e9couverte : Bandet Iron Mine - TRANSVAAL AFRIQUE DU SUD Taill\u00e9 sur les deux faces avec un polissage brillant - TR\u00c8S D\u00c9CORATIF Poids : 761 g Dimensions : 18 x 14 [...]<\/p>","protected":false},"featured_media":4932,"template":"","meta":{"_acf_changed":false},"region":[],"product_brand":[],"product_cat":[15],"product_tag":[],"class_list":{"0":"post-2909","1":"product","2":"type-product","3":"status-publish","4":"has-post-thumbnail","6":"product_cat-mineralien","8":"first","9":"outofstock","10":"sold-individually","11":"product-type-simple"},"acf":[],"_links":{"self":[{"href":"https:\/\/westgem.shop\/fr\/wp-json\/wp\/v2\/product\/2909","targetHints":{"allow":["GET"]}}],"collection":[{"href":"https:\/\/westgem.shop\/fr\/wp-json\/wp\/v2\/product"}],"about":[{"href":"https:\/\/westgem.shop\/fr\/wp-json\/wp\/v2\/types\/product"}],"wp:featuredmedia":[{"embeddable":true,"href":"https:\/\/westgem.shop\/fr\/wp-json\/wp\/v2\/media\/4932"}],"wp:attachment":[{"href":"https:\/\/westgem.shop\/fr\/wp-json\/wp\/v2\/media?parent=2909"}],"wp:term":[{"taxonomy":"region","embeddable":true,"href":"https:\/\/westgem.shop\/fr\/wp-json\/wp\/v2\/region?post=2909"},{"taxonomy":"product_brand","embeddable":true,"href":"https:\/\/westgem.shop\/fr\/wp-json\/wp\/v2\/product_brand?post=2909"},{"taxonomy":"product_cat","embeddable":true,"href":"https:\/\/westgem.shop\/fr\/wp-json\/wp\/v2\/product_cat?post=2909"},{"taxonomy":"product_tag","embeddable":true,"href":"https:\/\/westgem.shop\/fr\/wp-json\/wp\/v2\/product_tag?post=2909"}],"curies":[{"name":"wp","href":"https:\/\/api.w.org\/{rel}","templated":true}]}}