{"id":2910,"date":"2002-05-21T00:00:00","date_gmt":"2002-05-21T00:00:00","guid":{"rendered":"https:\/\/miners.rocks\/product\/epidot-xx-neufund-2012\/"},"modified":"2020-05-19T17:03:13","modified_gmt":"2020-05-19T17:03:13","slug":"epidote-xx-nouvelle-decouverte-2012","status":"publish","type":"product","link":"https:\/\/westgem.shop\/fr\/produit\/epidote-xx-nouvelle-decouverte-2012\/","title":{"rendered":"EPIDOT xx - NOUVEAU FONDS 2012"},"content":{"rendered":"<p><u>Super min\u00e9ral de collection !<\/u><\/p>\n<p>EPIDOT xx avec FELDSPAT blanc<\/p>\n<p>Des cristaux tr\u00e8s brillants - beaucoup plus brillants au naturel que sur les photos !<\/p>\n<p>Poids : 970 g Dimensions : ^13 x 9 x 7 cm<\/p>\n<p>E885<\/p>","protected":false},"excerpt":{"rendered":"<p>Super min\u00e9ral de collection ! EPIDOT xx avec FELDSPAT blanc Cristaux tr\u00e8s brillants - beaucoup plus brillants \u00e0 l'\u00e9tat naturel que sur les photos ! Poids : 970 g Dimensions : ^13 x 9 x 7 cm E885<\/p>","protected":false},"featured_media":4936,"template":"","meta":{"_acf_changed":false},"region":[],"product_brand":[],"product_cat":[15],"product_tag":[],"class_list":{"0":"post-2910","1":"product","2":"type-product","3":"status-publish","4":"has-post-thumbnail","6":"product_cat-mineralien","8":"first","9":"outofstock","10":"sold-individually","11":"product-type-simple"},"acf":[],"_links":{"self":[{"href":"https:\/\/westgem.shop\/fr\/wp-json\/wp\/v2\/product\/2910","targetHints":{"allow":["GET"]}}],"collection":[{"href":"https:\/\/westgem.shop\/fr\/wp-json\/wp\/v2\/product"}],"about":[{"href":"https:\/\/westgem.shop\/fr\/wp-json\/wp\/v2\/types\/product"}],"wp:featuredmedia":[{"embeddable":true,"href":"https:\/\/westgem.shop\/fr\/wp-json\/wp\/v2\/media\/4936"}],"wp:attachment":[{"href":"https:\/\/westgem.shop\/fr\/wp-json\/wp\/v2\/media?parent=2910"}],"wp:term":[{"taxonomy":"region","embeddable":true,"href":"https:\/\/westgem.shop\/fr\/wp-json\/wp\/v2\/region?post=2910"},{"taxonomy":"product_brand","embeddable":true,"href":"https:\/\/westgem.shop\/fr\/wp-json\/wp\/v2\/product_brand?post=2910"},{"taxonomy":"product_cat","embeddable":true,"href":"https:\/\/westgem.shop\/fr\/wp-json\/wp\/v2\/product_cat?post=2910"},{"taxonomy":"product_tag","embeddable":true,"href":"https:\/\/westgem.shop\/fr\/wp-json\/wp\/v2\/product_tag?post=2910"}],"curies":[{"name":"wp","href":"https:\/\/api.w.org\/{rel}","templated":true}]}}