{"id":2912,"date":"2002-05-23T00:00:00","date_gmt":"2002-05-23T00:00:00","guid":{"rendered":"https:\/\/miners.rocks\/product\/arkansas-bergkristall-xx-2\/"},"modified":"2020-05-19T17:03:14","modified_gmt":"2020-05-19T17:03:14","slug":"arkansas-cristal-de-roche-xx-2","status":"publish","type":"product","link":"https:\/\/westgem.shop\/fr\/produit\/arkansas-cristal-de-roche-xx-2\/","title":{"rendered":"ARKANSAS cristal de roche xx"},"content":{"rendered":"<p>Provient du site de quartz le plus connu au monde actuellement.<\/p>\n<p>Niveau en CRISTAL DE MONTAGNE de premi\u00e8re qualit\u00e9, clair, brillant.<\/p>\n<p>Du Mont IDA \u00e0 Hot Springs - ARKANSAS USA<\/p>\n<p>Mine Coleman<\/p>\n<p>Poids : 350 g Dimensions : 12 x 9 cm<\/p>","protected":false},"excerpt":{"rendered":"<p>En provenance du site de quartz le plus connu au monde. Niveau de CRISTAL DE MONTAGNE de premi\u00e8re qualit\u00e9, clair, brillant. Du Mont IDA \u00e0 Hot Springs - ARKANSAS USA Mine Coleman Poids : 350 g Dimensions : 12 x 9 cm<\/p>","protected":false},"featured_media":4947,"template":"","meta":{"_acf_changed":false},"region":[],"product_brand":[],"product_cat":[15],"product_tag":[],"class_list":{"0":"post-2912","1":"product","2":"type-product","3":"status-publish","4":"has-post-thumbnail","6":"product_cat-mineralien","8":"first","9":"outofstock","10":"sold-individually","11":"product-type-simple"},"acf":[],"_links":{"self":[{"href":"https:\/\/westgem.shop\/fr\/wp-json\/wp\/v2\/product\/2912","targetHints":{"allow":["GET"]}}],"collection":[{"href":"https:\/\/westgem.shop\/fr\/wp-json\/wp\/v2\/product"}],"about":[{"href":"https:\/\/westgem.shop\/fr\/wp-json\/wp\/v2\/types\/product"}],"wp:featuredmedia":[{"embeddable":true,"href":"https:\/\/westgem.shop\/fr\/wp-json\/wp\/v2\/media\/4947"}],"wp:attachment":[{"href":"https:\/\/westgem.shop\/fr\/wp-json\/wp\/v2\/media?parent=2912"}],"wp:term":[{"taxonomy":"region","embeddable":true,"href":"https:\/\/westgem.shop\/fr\/wp-json\/wp\/v2\/region?post=2912"},{"taxonomy":"product_brand","embeddable":true,"href":"https:\/\/westgem.shop\/fr\/wp-json\/wp\/v2\/product_brand?post=2912"},{"taxonomy":"product_cat","embeddable":true,"href":"https:\/\/westgem.shop\/fr\/wp-json\/wp\/v2\/product_cat?post=2912"},{"taxonomy":"product_tag","embeddable":true,"href":"https:\/\/westgem.shop\/fr\/wp-json\/wp\/v2\/product_tag?post=2912"}],"curies":[{"name":"wp","href":"https:\/\/api.w.org\/{rel}","templated":true}]}}