{"id":2913,"date":"2002-05-24T00:00:00","date_gmt":"2002-05-24T00:00:00","guid":{"rendered":"https:\/\/miners.rocks\/product\/1a-bergkristall-xx-usa\/"},"modified":"2020-05-19T17:03:15","modified_gmt":"2020-05-19T17:03:15","slug":"1a-cristal-de-roche-xx-usa","status":"publish","type":"product","link":"https:\/\/westgem.shop\/fr\/produit\/1a-cristal-de-roche-xx-usa\/","title":{"rendered":"1A CRISTAL DE MONTAGNE xx - USA"},"content":{"rendered":"<p>Marche en CRISTAL DE MONTAGNE de premi\u00e8re qualit\u00e9 avec des pointes en cristal magnifiquement claires et brillantes.<\/p>\n<p>Ces excellents quartz proviennent du MEILLEUR site actuel pour le CRISTAL DE MONTAGNE - <\/p>\n<p>le grand cristal clair et transparent est un DOUBLE- voir image 2 . !<\/p>\n<p>Mine Coleman - MOUNT IDA - Hot Springs<\/p>\n<p>ARKANSAS - \u00c9TATS-UNIS<\/p>\n<p>Les prix des beaux cristaux de roche sont en constante augmentation dans le monde entier ces derni\u00e8res ann\u00e9es - la tendance est toujours \u00e0 la hausse !<\/p>\n<p>Poids de cette \u00e9tape : 610 g Dimensions : 14 cm de hauteur x 10 x 7 cm<\/p>","protected":false},"excerpt":{"rendered":"<p>Un niveau de CRISTAL DE MONTAGNE de premi\u00e8re qualit\u00e9 avec des pointes de cristaux claires et brillantes. Ces excellents quartz proviennent du MEILLEUR site actuel de CRISTAL DE MONTAGNE - le grand cristal clair et transparent est un DOUBLE - voir photo 2 ! Coleman Mine - MOUNT IDA - Hot Springs ARKANSAS - USA Les prix des beaux cristaux de roche ont [...].<\/p>","protected":false},"featured_media":4950,"template":"","meta":{"_acf_changed":false},"region":[],"product_brand":[],"product_cat":[15],"product_tag":[],"class_list":{"0":"post-2913","1":"product","2":"type-product","3":"status-publish","4":"has-post-thumbnail","6":"product_cat-mineralien","8":"first","9":"outofstock","10":"sold-individually","11":"product-type-simple"},"acf":[],"_links":{"self":[{"href":"https:\/\/westgem.shop\/fr\/wp-json\/wp\/v2\/product\/2913","targetHints":{"allow":["GET"]}}],"collection":[{"href":"https:\/\/westgem.shop\/fr\/wp-json\/wp\/v2\/product"}],"about":[{"href":"https:\/\/westgem.shop\/fr\/wp-json\/wp\/v2\/types\/product"}],"wp:featuredmedia":[{"embeddable":true,"href":"https:\/\/westgem.shop\/fr\/wp-json\/wp\/v2\/media\/4950"}],"wp:attachment":[{"href":"https:\/\/westgem.shop\/fr\/wp-json\/wp\/v2\/media?parent=2913"}],"wp:term":[{"taxonomy":"region","embeddable":true,"href":"https:\/\/westgem.shop\/fr\/wp-json\/wp\/v2\/region?post=2913"},{"taxonomy":"product_brand","embeddable":true,"href":"https:\/\/westgem.shop\/fr\/wp-json\/wp\/v2\/product_brand?post=2913"},{"taxonomy":"product_cat","embeddable":true,"href":"https:\/\/westgem.shop\/fr\/wp-json\/wp\/v2\/product_cat?post=2913"},{"taxonomy":"product_tag","embeddable":true,"href":"https:\/\/westgem.shop\/fr\/wp-json\/wp\/v2\/product_tag?post=2913"}],"curies":[{"name":"wp","href":"https:\/\/api.w.org\/{rel}","templated":true}]}}