{"id":2915,"date":"2002-05-26T00:00:00","date_gmt":"2002-05-26T00:00:00","guid":{"rendered":"https:\/\/miners.rocks\/product\/achat-naturfarbe-2\/"},"modified":"2020-05-19T17:03:16","modified_gmt":"2020-05-19T17:03:16","slug":"agate-couleur-naturelle-2","status":"publish","type":"product","link":"https:\/\/westgem.shop\/fr\/produit\/agate-couleur-naturelle-2\/","title":{"rendered":"ACHAT - couleur naturelle !"},"content":{"rendered":"<p>Tr\u00e8s belle d\u00e9coration de salon ou de bureau.<\/p>\n<p>Demi-tubercule ACHAT - POLI avec surface d'appui sci\u00e9e.<\/p>\n<p>Cavit\u00e9 de g\u00e9ode tr\u00e8s attrayante avec des cristaux de quartz monocristallins en forme de grappes qui, selon l'incidence de la lumi\u00e8re, pr\u00e9sentent un superbe effet scintillant sur les faces terminales des cristaux. Sur les bords de la cavit\u00e9 - CHALCEDON gris bleut\u00e9.<\/p>\n<p>localisation de la trouvaille : Rio Grande do Sul - Br\u00e9sil<\/p>\n<p>Poids : 2,8 kilogrammes Dimensions : 16 x 16 x 7 cm <\/p>\n<p>SUPER PRIX !<\/p>\n<p>La derni\u00e8re image montre l'arri\u00e8re.<\/p>","protected":false},"excerpt":{"rendered":"<p>Tr\u00e8s belle d\u00e9coration de salon ou de bureau. Demi-tube ACHAT - POLI avec surface de pose sci\u00e9e. Cavit\u00e9 de g\u00e9ode tr\u00e8s attractive avec des cristaux de quartz monocristallins en forme de grappe qui, selon l'incidence de la lumi\u00e8re, pr\u00e9sentent un superbe effet scintillant sur les faces terminales des cristaux. Sur les bords de la cavit\u00e9 - CHALCEDON gris bleut\u00e9. Lieu de d\u00e9couverte : Rio Grande do Sul - Br\u00e9sil Poids : 2,8 kilogrammes Dimensions : 16 x 16 x 7 cm SUPER PRIX [...].<\/p>","protected":false},"featured_media":4959,"template":"","meta":{"_acf_changed":false},"region":[],"product_brand":[],"product_cat":[15],"product_tag":[],"class_list":{"0":"post-2915","1":"product","2":"type-product","3":"status-publish","4":"has-post-thumbnail","6":"product_cat-mineralien","8":"first","9":"outofstock","10":"sold-individually","11":"product-type-simple"},"acf":[],"_links":{"self":[{"href":"https:\/\/westgem.shop\/fr\/wp-json\/wp\/v2\/product\/2915","targetHints":{"allow":["GET"]}}],"collection":[{"href":"https:\/\/westgem.shop\/fr\/wp-json\/wp\/v2\/product"}],"about":[{"href":"https:\/\/westgem.shop\/fr\/wp-json\/wp\/v2\/types\/product"}],"wp:featuredmedia":[{"embeddable":true,"href":"https:\/\/westgem.shop\/fr\/wp-json\/wp\/v2\/media\/4959"}],"wp:attachment":[{"href":"https:\/\/westgem.shop\/fr\/wp-json\/wp\/v2\/media?parent=2915"}],"wp:term":[{"taxonomy":"region","embeddable":true,"href":"https:\/\/westgem.shop\/fr\/wp-json\/wp\/v2\/region?post=2915"},{"taxonomy":"product_brand","embeddable":true,"href":"https:\/\/westgem.shop\/fr\/wp-json\/wp\/v2\/product_brand?post=2915"},{"taxonomy":"product_cat","embeddable":true,"href":"https:\/\/westgem.shop\/fr\/wp-json\/wp\/v2\/product_cat?post=2915"},{"taxonomy":"product_tag","embeddable":true,"href":"https:\/\/westgem.shop\/fr\/wp-json\/wp\/v2\/product_tag?post=2915"}],"curies":[{"name":"wp","href":"https:\/\/api.w.org\/{rel}","templated":true}]}}