{"id":2916,"date":"2002-05-27T00:00:00","date_gmt":"2002-05-27T00:00:00","guid":{"rendered":"https:\/\/miners.rocks\/product\/chalcedon-feuerstein-poliert\/"},"modified":"2020-05-19T17:03:17","modified_gmt":"2020-05-19T17:03:17","slug":"calcedoine-silex-polie","status":"publish","type":"product","link":"https:\/\/westgem.shop\/fr\/produit\/calcedoine-silex-polie\/","title":{"rendered":"PIERRE DE CHALCEDON - Polie"},"content":{"rendered":"<p>PIERRE CHALCEDONE super taill\u00e9e et polie, d'une beaut\u00e9 exceptionnelle - FREEFORM, tr\u00e8s COLOR\u00c9 - multicolore - polychrome .<\/p>\n<p> Pi\u00e8ce de DECO de premi\u00e8re classe pour le salon ou le bureau.<\/p>\n<p>Le lieu de d\u00e9couverte de la mati\u00e8re premi\u00e8re est ANTSIRABE - Madagascar<\/p>\n<p>Poids : 850 g Dimensions : 12 x 8 x 5 cm<\/p>\n<p>La derni\u00e8re image montre la face inf\u00e9rieure.<\/p>\n<p>E872<\/p>","protected":false},"excerpt":{"rendered":"<p>PIERRE CHALCEDONE super-taill\u00e9e et polie, d'une beaut\u00e9 exceptionnelle - FORME LIBRE, tr\u00e8s COLOR\u00c9E - Multicolore - Polychrome . Pi\u00e8ce de d\u00e9coration de premi\u00e8re classe pour le salon ou le bureau. Le lieu de d\u00e9couverte de la mati\u00e8re premi\u00e8re est ANTSIRABE - Madagascar Poids : 850 g Dimensions : 12 x 8 x 5 cm La derni\u00e8re photo montre la face inf\u00e9rieure. E872<\/p>","protected":false},"featured_media":4963,"template":"","meta":{"_acf_changed":false},"region":[],"product_brand":[],"product_cat":[15],"product_tag":[],"class_list":{"0":"post-2916","1":"product","2":"type-product","3":"status-publish","4":"has-post-thumbnail","6":"product_cat-mineralien","8":"first","9":"outofstock","10":"sold-individually","11":"product-type-simple"},"acf":[],"_links":{"self":[{"href":"https:\/\/westgem.shop\/fr\/wp-json\/wp\/v2\/product\/2916","targetHints":{"allow":["GET"]}}],"collection":[{"href":"https:\/\/westgem.shop\/fr\/wp-json\/wp\/v2\/product"}],"about":[{"href":"https:\/\/westgem.shop\/fr\/wp-json\/wp\/v2\/types\/product"}],"wp:featuredmedia":[{"embeddable":true,"href":"https:\/\/westgem.shop\/fr\/wp-json\/wp\/v2\/media\/4963"}],"wp:attachment":[{"href":"https:\/\/westgem.shop\/fr\/wp-json\/wp\/v2\/media?parent=2916"}],"wp:term":[{"taxonomy":"region","embeddable":true,"href":"https:\/\/westgem.shop\/fr\/wp-json\/wp\/v2\/region?post=2916"},{"taxonomy":"product_brand","embeddable":true,"href":"https:\/\/westgem.shop\/fr\/wp-json\/wp\/v2\/product_brand?post=2916"},{"taxonomy":"product_cat","embeddable":true,"href":"https:\/\/westgem.shop\/fr\/wp-json\/wp\/v2\/product_cat?post=2916"},{"taxonomy":"product_tag","embeddable":true,"href":"https:\/\/westgem.shop\/fr\/wp-json\/wp\/v2\/product_tag?post=2916"}],"curies":[{"name":"wp","href":"https:\/\/api.w.org\/{rel}","templated":true}]}}