{"id":2917,"date":"2002-05-28T00:00:00","date_gmt":"2002-05-28T00:00:00","guid":{"rendered":"https:\/\/miners.rocks\/product\/handgeschliffene-kugel-chalcedon\/"},"modified":"2020-05-19T17:03:18","modified_gmt":"2020-05-19T17:03:18","slug":"boule-de-calcedoine-taillee-a-la-main","status":"publish","type":"product","link":"https:\/\/westgem.shop\/fr\/produit\/boule-de-calcedoine-taillee-a-la-main\/","title":{"rendered":"BOUGIE taill\u00e9e \u00e0 la main - CHALCEDON"},"content":{"rendered":"<p>Magnifiquement taill\u00e9 et poli.<\/p>\n<p>Boule DEKO en CHALCEDON polychrome = pierre de taille multicolore<\/p>\n<p>La mati\u00e8re premi\u00e8re provient du site d'ANTSIRABE \u00e0 Madagascar.<\/p>\n<p>Poids de la sph\u00e8re : 460 g Diam\u00e8tre : 7 cm<\/p>\n<p>GRATUIT : un support de boule PLEXI attrayant.<\/p>","protected":false},"excerpt":{"rendered":"<p>Magnifiquement taill\u00e9e et polie. Boule DECO en PIERRE DE CHALCEDON polychrome = multicolore La mati\u00e8re premi\u00e8re provient du lieu de d\u00e9couverte \u00e0 ANTSIRABE \u00e0 Madagascar Poids de la boule : 460 g Diam\u00e8tre : 7 cm GRATUIT avec un support de boule PLEXI attractif.<\/p>","protected":false},"featured_media":4968,"template":"","meta":{"_acf_changed":false},"region":[],"product_brand":[],"product_cat":[15],"product_tag":[],"class_list":{"0":"post-2917","1":"product","2":"type-product","3":"status-publish","4":"has-post-thumbnail","6":"product_cat-mineralien","8":"first","9":"outofstock","10":"sold-individually","11":"product-type-simple"},"acf":[],"_links":{"self":[{"href":"https:\/\/westgem.shop\/fr\/wp-json\/wp\/v2\/product\/2917","targetHints":{"allow":["GET"]}}],"collection":[{"href":"https:\/\/westgem.shop\/fr\/wp-json\/wp\/v2\/product"}],"about":[{"href":"https:\/\/westgem.shop\/fr\/wp-json\/wp\/v2\/types\/product"}],"wp:featuredmedia":[{"embeddable":true,"href":"https:\/\/westgem.shop\/fr\/wp-json\/wp\/v2\/media\/4968"}],"wp:attachment":[{"href":"https:\/\/westgem.shop\/fr\/wp-json\/wp\/v2\/media?parent=2917"}],"wp:term":[{"taxonomy":"region","embeddable":true,"href":"https:\/\/westgem.shop\/fr\/wp-json\/wp\/v2\/region?post=2917"},{"taxonomy":"product_brand","embeddable":true,"href":"https:\/\/westgem.shop\/fr\/wp-json\/wp\/v2\/product_brand?post=2917"},{"taxonomy":"product_cat","embeddable":true,"href":"https:\/\/westgem.shop\/fr\/wp-json\/wp\/v2\/product_cat?post=2917"},{"taxonomy":"product_tag","embeddable":true,"href":"https:\/\/westgem.shop\/fr\/wp-json\/wp\/v2\/product_tag?post=2917"}],"curies":[{"name":"wp","href":"https:\/\/api.w.org\/{rel}","templated":true}]}}