{"id":2918,"date":"2002-05-29T00:00:00","date_gmt":"2002-05-29T00:00:00","guid":{"rendered":"https:\/\/miners.rocks\/product\/achat-natur\/"},"modified":"2020-05-19T17:03:18","modified_gmt":"2020-05-19T17:03:18","slug":"agate-naturel","status":"publish","type":"product","link":"https:\/\/westgem.shop\/fr\/produit\/agate-naturel\/","title":{"rendered":"ACHAT NATURE"},"content":{"rendered":"<p>Bel ACHAT de couleur naturelle en provenance du Rio Grande do Sul au BRESIL.<\/p>\n<p>L'ACHATKNOLLE a \u00e9t\u00e9 sci\u00e9 et la surface de coupe polie, de m\u00eame qu'une surface d'appui a \u00e9t\u00e9 d\u00e9coup\u00e9e.<\/p>\n<p>L'ACHAT pr\u00e9sente une cavit\u00e9 centrale parsem\u00e9e de nombreuses pointes de quartz monocristallin scintillantes (CRISTAL DE MONTAGNE).<\/p>\n<p>D\u00e9coration tr\u00e8s attractive pour la maison ou le bureau.<\/p>\n<p>Poids : 2.25 kilogrammes Dimensions : 12 x 12,5 x 9 cm<\/p>\n<p>Une image montre l'arri\u00e8re des tubercules et une image la surface d'appui.<\/p>","protected":false},"excerpt":{"rendered":"<p>Bel ACHAT de couleur naturelle en provenance du Rio Grande do Sul au BRESIL. L'ACHAT a \u00e9t\u00e9 sci\u00e9 et la surface de coupe a \u00e9t\u00e9 polie, ainsi qu'une surface d'appui. L'ACHAT pr\u00e9sente une cavit\u00e9 centrale, garnie de nombreuses pointes de quartz monocristallin scintillantes (CRISTAL DE MONTAGNE). D\u00e9coration tr\u00e8s attractive pour la maison ou le bureau. Poids : 2.25 kilogrammes Dimensions : 12 x 12,5 x 9 cm Une image montre [...].<\/p>","protected":false},"featured_media":4972,"template":"","meta":{"_acf_changed":false},"region":[],"product_brand":[],"product_cat":[15],"product_tag":[],"class_list":{"0":"post-2918","1":"product","2":"type-product","3":"status-publish","4":"has-post-thumbnail","6":"product_cat-mineralien","8":"first","9":"outofstock","10":"sold-individually","11":"product-type-simple"},"acf":[],"_links":{"self":[{"href":"https:\/\/westgem.shop\/fr\/wp-json\/wp\/v2\/product\/2918","targetHints":{"allow":["GET"]}}],"collection":[{"href":"https:\/\/westgem.shop\/fr\/wp-json\/wp\/v2\/product"}],"about":[{"href":"https:\/\/westgem.shop\/fr\/wp-json\/wp\/v2\/types\/product"}],"wp:featuredmedia":[{"embeddable":true,"href":"https:\/\/westgem.shop\/fr\/wp-json\/wp\/v2\/media\/4972"}],"wp:attachment":[{"href":"https:\/\/westgem.shop\/fr\/wp-json\/wp\/v2\/media?parent=2918"}],"wp:term":[{"taxonomy":"region","embeddable":true,"href":"https:\/\/westgem.shop\/fr\/wp-json\/wp\/v2\/region?post=2918"},{"taxonomy":"product_brand","embeddable":true,"href":"https:\/\/westgem.shop\/fr\/wp-json\/wp\/v2\/product_brand?post=2918"},{"taxonomy":"product_cat","embeddable":true,"href":"https:\/\/westgem.shop\/fr\/wp-json\/wp\/v2\/product_cat?post=2918"},{"taxonomy":"product_tag","embeddable":true,"href":"https:\/\/westgem.shop\/fr\/wp-json\/wp\/v2\/product_tag?post=2918"}],"curies":[{"name":"wp","href":"https:\/\/api.w.org\/{rel}","templated":true}]}}