{"id":312,"date":"2000-01-03T00:00:00","date_gmt":"2000-01-03T00:00:00","guid":{"rendered":"https:\/\/miners.rocks\/product\/tauern-pyrit-2\/"},"modified":"2020-05-19T16:55:15","modified_gmt":"2020-05-19T16:55:15","slug":"pyrite-des-tauern","status":"publish","type":"product","link":"https:\/\/westgem.shop\/fr\/produit\/pyrite-des-tauern\/","title":{"rendered":"Pyrite du Tauern"},"content":{"rendered":"<p>Poids de la marche : 1,2 kg<\/p>\n<p>Dimensions : 10 x 9 x 7 cm<\/p>\n<p>Agr\u00e9gats de pyrites sph\u00e9riques dans du quartz limonis\u00e9. Trouv\u00e9 en 2003 dans la carri\u00e8re de gneiss du Tauern dans la vall\u00e9e de Malta<\/p>","protected":false},"excerpt":{"rendered":"<p>Poids de la marche : 1,2 kg Dimensions : 10 x 9 x 7 cm Agr\u00e9gats de pyrite sph\u00e9riques dans du quartz limonis\u00e9. Trouv\u00e9 en 2003 dans la carri\u00e8re de gneiss du Tauern dans la vall\u00e9e de Malta.<\/p>","protected":false},"featured_media":313,"template":"","meta":{"_acf_changed":false},"region":[],"product_brand":[],"product_cat":[15],"product_tag":[],"class_list":{"0":"post-312","1":"product","2":"type-product","3":"status-publish","4":"has-post-thumbnail","6":"product_cat-mineralien","8":"first","9":"outofstock","10":"sold-individually","11":"product-type-simple"},"acf":[],"_links":{"self":[{"href":"https:\/\/westgem.shop\/fr\/wp-json\/wp\/v2\/product\/312","targetHints":{"allow":["GET"]}}],"collection":[{"href":"https:\/\/westgem.shop\/fr\/wp-json\/wp\/v2\/product"}],"about":[{"href":"https:\/\/westgem.shop\/fr\/wp-json\/wp\/v2\/types\/product"}],"wp:featuredmedia":[{"embeddable":true,"href":"https:\/\/westgem.shop\/fr\/wp-json\/wp\/v2\/media\/313"}],"wp:attachment":[{"href":"https:\/\/westgem.shop\/fr\/wp-json\/wp\/v2\/media?parent=312"}],"wp:term":[{"taxonomy":"region","embeddable":true,"href":"https:\/\/westgem.shop\/fr\/wp-json\/wp\/v2\/region?post=312"},{"taxonomy":"product_brand","embeddable":true,"href":"https:\/\/westgem.shop\/fr\/wp-json\/wp\/v2\/product_brand?post=312"},{"taxonomy":"product_cat","embeddable":true,"href":"https:\/\/westgem.shop\/fr\/wp-json\/wp\/v2\/product_cat?post=312"},{"taxonomy":"product_tag","embeddable":true,"href":"https:\/\/westgem.shop\/fr\/wp-json\/wp\/v2\/product_tag?post=312"}],"curies":[{"name":"wp","href":"https:\/\/api.w.org\/{rel}","templated":true}]}}