{"id":315,"date":"2000-01-04T00:00:00","date_gmt":"2000-01-04T00:00:00","guid":{"rendered":"https:\/\/miners.rocks\/product\/versteinerte-hoelzer-2\/"},"modified":"2020-05-19T16:55:15","modified_gmt":"2020-05-19T16:55:15","slug":"bois-petrifie","status":"publish","type":"product","link":"https:\/\/westgem.shop\/fr\/produit\/bois-petrifie\/","title":{"rendered":"BOIS P\u00c9TRIFI\u00c9"},"content":{"rendered":"<p>Dans l'offre, nous avons des produits bruts d'ARIZONA, des morceaux de branches, polis d'un c\u00f4t\u00e9, de Madagascar ou des disques de troncs d'ARIZONA, vieux d'environ 270 millions d'ann\u00e9es, complets avec leur \u00e9corce, polis d'un c\u00f4t\u00e9.<\/p>\n<p>Faites votre choix parmi un large \u00e9ventail de pi\u00e8ces, nous en pr\u00e9senterons r\u00e9guli\u00e8rement de nouvelles.<\/p>","protected":false},"excerpt":{"rendered":"<p>Dans l'offre, nous avons des mati\u00e8res premi\u00e8res d'ARIZONA, des morceaux de branches, polis d'un c\u00f4t\u00e9, de Madagascar ou des disques de troncs d'ARIZONA, vieux d'environ 270 millions d'ann\u00e9es, complets avec leur \u00e9corce, polis d'un c\u00f4t\u00e9. Faites votre choix parmi une large offre, nous pr\u00e9senterons r\u00e9guli\u00e8rement de nouvelles pi\u00e8ces.<\/p>","protected":false},"featured_media":316,"template":"","meta":{"_acf_changed":false},"region":[],"product_brand":[],"product_cat":[15],"product_tag":[],"class_list":{"0":"post-315","1":"product","2":"type-product","3":"status-publish","4":"has-post-thumbnail","6":"product_cat-mineralien","8":"first","9":"outofstock","10":"sold-individually","11":"product-type-simple"},"acf":[],"_links":{"self":[{"href":"https:\/\/westgem.shop\/fr\/wp-json\/wp\/v2\/product\/315","targetHints":{"allow":["GET"]}}],"collection":[{"href":"https:\/\/westgem.shop\/fr\/wp-json\/wp\/v2\/product"}],"about":[{"href":"https:\/\/westgem.shop\/fr\/wp-json\/wp\/v2\/types\/product"}],"wp:featuredmedia":[{"embeddable":true,"href":"https:\/\/westgem.shop\/fr\/wp-json\/wp\/v2\/media\/316"}],"wp:attachment":[{"href":"https:\/\/westgem.shop\/fr\/wp-json\/wp\/v2\/media?parent=315"}],"wp:term":[{"taxonomy":"region","embeddable":true,"href":"https:\/\/westgem.shop\/fr\/wp-json\/wp\/v2\/region?post=315"},{"taxonomy":"product_brand","embeddable":true,"href":"https:\/\/westgem.shop\/fr\/wp-json\/wp\/v2\/product_brand?post=315"},{"taxonomy":"product_cat","embeddable":true,"href":"https:\/\/westgem.shop\/fr\/wp-json\/wp\/v2\/product_cat?post=315"},{"taxonomy":"product_tag","embeddable":true,"href":"https:\/\/westgem.shop\/fr\/wp-json\/wp\/v2\/product_tag?post=315"}],"curies":[{"name":"wp","href":"https:\/\/api.w.org\/{rel}","templated":true}]}}