{"id":322,"date":"2011-07-06T00:00:00","date_gmt":"2011-07-06T00:00:00","guid":{"rendered":"https:\/\/miners.rocks\/product\/sugilith-suedafrika-2\/"},"modified":"2021-09-18T16:05:42","modified_gmt":"2021-09-18T16:05:42","slug":"sugilith-suedafrika","status":"publish","type":"product","link":"https:\/\/westgem.shop\/fr\/produit\/sugilith-suedafrika\/","title":{"rendered":"SUGILITH - Afrique du Sud"},"content":{"rendered":"<p><strong>SUGILITH<\/strong> Pierre brute de la<strong> MINE DE WESSELS - Champs de mangan\u00e8se de Kuruman - AFRIQUE DU SUD<\/strong><\/p>\n<p>SUGLILITH - nom donn\u00e9 d'apr\u00e8s le Dr Ken - ichi SUGI qui a d\u00e9couvert ce min\u00e9ral pour la premi\u00e8re fois en 1944 dans le sud-ouest du Japon.<\/p>\n<p>Aujourd'hui, la SUGILITH se trouve presque exclusivement dans la mine de WESSELS, dans les zones de perturbation des minerais de mangan\u00e8se qui sont principalement exploit\u00e9s dans cette mine. Un g\u00e9ologue local a rapport\u00e9 que d'innombrables SUGILITHE et autres min\u00e9raux, voire des pierres pr\u00e9cieuses, finissent chaque jour dans les concasseurs du traitement du minerai et sont broy\u00e9s, car la r\u00e9cup\u00e9ration des morceaux ne ferait que retarder l'exploitation de la mine.<\/p>\n<p>Dans les cercles \u00e9sot\u00e9riques en particulier, on attribue \u00e0 ce min\u00e9ral PEKTOLITH des \"effets th\u00e9rapeutiques\" extraordinaires et merveilleux - je ne sais pas pourquoi ? mais - la foi d\u00e9place litt\u00e9ralement les montagnes.<\/p>\n<p>Les parties noires des pierres sont du minerai de mangan\u00e8se et les parties brunes qui apparaissent occasionnellement sont de la FERROBUSTAMITE ( min\u00e9ral rare !).<\/p>\n<p>Les pierres transparentes sont avec CHALCEDON - les tons violets fonc\u00e9s sont demand\u00e9s - mais il y a aussi des SUGILITHE bleues et rarement des petits cristaux SUGILITH avec de superbes couleurs magenta .<\/p>\n<p>Le poids de cette pierre brute est de 236 g<\/p>\n<p>Dimensions : 6,5 x 4 x 5 cm<\/p>\n<p>Tr\u00e8s bonne couleur violette avec minerai de mangan\u00e8se noir, surface de coupe non polie.<\/p>","protected":false},"excerpt":{"rendered":"<p>SUGILITH Pierre brute de la MINE WESSELS - Kuruman Mangan Fields - AFRIQUE DU SUD SUGLILITH - nom donn\u00e9 d'apr\u00e8s le Dr Ken - ichi SUGI qui a d\u00e9couvert ce min\u00e9ral pour la premi\u00e8re fois en 1944 dans le sud-ouest du Japon. Aujourd'hui, le SUGILITH se trouve presque exclusivement dans la mine WESSELS, dans des zones de perturbation des minerais de mangan\u00e8se qui sont exploit\u00e9s en premier lieu dans cette mine. Un g\u00e9ologue [...]<\/p>","protected":false},"featured_media":323,"template":"","meta":{"_acf_changed":false},"region":[62],"product_brand":[],"product_cat":[22],"product_tag":[],"class_list":{"0":"post-322","1":"product","2":"type-product","3":"status-publish","4":"has-post-thumbnail","6":"region-afrika","7":"product_cat-allgemein","9":"first","10":"outofstock","11":"sold-individually","12":"product-type-simple"},"acf":[],"_links":{"self":[{"href":"https:\/\/westgem.shop\/fr\/wp-json\/wp\/v2\/product\/322","targetHints":{"allow":["GET"]}}],"collection":[{"href":"https:\/\/westgem.shop\/fr\/wp-json\/wp\/v2\/product"}],"about":[{"href":"https:\/\/westgem.shop\/fr\/wp-json\/wp\/v2\/types\/product"}],"wp:featuredmedia":[{"embeddable":true,"href":"https:\/\/westgem.shop\/fr\/wp-json\/wp\/v2\/media\/323"}],"wp:attachment":[{"href":"https:\/\/westgem.shop\/fr\/wp-json\/wp\/v2\/media?parent=322"}],"wp:term":[{"taxonomy":"region","embeddable":true,"href":"https:\/\/westgem.shop\/fr\/wp-json\/wp\/v2\/region?post=322"},{"taxonomy":"product_brand","embeddable":true,"href":"https:\/\/westgem.shop\/fr\/wp-json\/wp\/v2\/product_brand?post=322"},{"taxonomy":"product_cat","embeddable":true,"href":"https:\/\/westgem.shop\/fr\/wp-json\/wp\/v2\/product_cat?post=322"},{"taxonomy":"product_tag","embeddable":true,"href":"https:\/\/westgem.shop\/fr\/wp-json\/wp\/v2\/product_tag?post=322"}],"curies":[{"name":"wp","href":"https:\/\/api.w.org\/{rel}","templated":true}]}}