{"id":329,"date":"2011-06-07T00:00:00","date_gmt":"2011-06-07T00:00:00","guid":{"rendered":"https:\/\/miners.rocks\/product\/echte-jade-maw-sit-sit-2\/"},"modified":"2024-02-03T07:53:03","modified_gmt":"2024-02-03T07:53:03","slug":"veritable-jade-maw-sit-sit","status":"publish","type":"product","link":"https:\/\/westgem.shop\/fr\/produit\/veritable-jade-maw-sit-sit\/","title":{"rendered":"JADE V\u00c9RITABLE - MAW-SIT-SIT"},"content":{"rendered":"<p><strong>Original BURMA JADE<\/strong><\/p>\n<p><u>MAW- SIT- SIT<\/u><\/p>\n<p><strong>JADEIT - ALBIT<\/strong><\/p>\n<p>seul lieu de d\u00e9couverte : NORD-OUEST BURMA<\/p>\n<p>Fait partie des vari\u00e9t\u00e9s JADE reconnues sur le plan min\u00e9ralogique international<\/p>\n<p><strong>Top raret\u00e9<\/strong><\/p>\n<p>&nbsp;<\/p>\n<p><strong>11 x 6 x 3 cm<\/strong><\/p>\n<p>0,4 kg<\/p>","protected":false},"excerpt":{"rendered":"<p>Original BURMA JADE MAW- SIT- SIT JADEIT - ALBIT seul lieu de d\u00e9couverte : NORD-OUEST BURMA Fait partie des vari\u00e9t\u00e9s de JADE internationalement reconnues sur le plan min\u00e9ralogique Top raret\u00e9 11 x 6 x 3 cm 0,4 kg<\/p>","protected":false},"featured_media":330,"template":"","meta":{"_acf_changed":false},"region":[57],"product_brand":[],"product_cat":[18,16],"product_tag":[],"class_list":{"0":"post-329","1":"product","2":"type-product","3":"status-publish","4":"has-post-thumbnail","6":"region-asien","7":"product_cat-geschliffene-einzelstucke","8":"product_cat-rohsteine","10":"first","11":"outofstock","12":"sold-individually","13":"product-type-simple"},"acf":[],"_links":{"self":[{"href":"https:\/\/westgem.shop\/fr\/wp-json\/wp\/v2\/product\/329","targetHints":{"allow":["GET"]}}],"collection":[{"href":"https:\/\/westgem.shop\/fr\/wp-json\/wp\/v2\/product"}],"about":[{"href":"https:\/\/westgem.shop\/fr\/wp-json\/wp\/v2\/types\/product"}],"wp:featuredmedia":[{"embeddable":true,"href":"https:\/\/westgem.shop\/fr\/wp-json\/wp\/v2\/media\/330"}],"wp:attachment":[{"href":"https:\/\/westgem.shop\/fr\/wp-json\/wp\/v2\/media?parent=329"}],"wp:term":[{"taxonomy":"region","embeddable":true,"href":"https:\/\/westgem.shop\/fr\/wp-json\/wp\/v2\/region?post=329"},{"taxonomy":"product_brand","embeddable":true,"href":"https:\/\/westgem.shop\/fr\/wp-json\/wp\/v2\/product_brand?post=329"},{"taxonomy":"product_cat","embeddable":true,"href":"https:\/\/westgem.shop\/fr\/wp-json\/wp\/v2\/product_cat?post=329"},{"taxonomy":"product_tag","embeddable":true,"href":"https:\/\/westgem.shop\/fr\/wp-json\/wp\/v2\/product_tag?post=329"}],"curies":[{"name":"wp","href":"https:\/\/api.w.org\/{rel}","templated":true}]}}