{"id":332,"date":"2000-01-08T00:00:00","date_gmt":"2000-01-08T00:00:00","guid":{"rendered":"https:\/\/miners.rocks\/product\/natur-carneol-2\/"},"modified":"2020-05-19T16:55:16","modified_gmt":"2020-05-19T16:55:16","slug":"nature-cornaline","status":"publish","type":"product","link":"https:\/\/westgem.shop\/fr\/produit\/nature-cornaline\/","title":{"rendered":"Cornaline naturelle"},"content":{"rendered":"<p>Les pierres sont d\u00e9j\u00e0 roul\u00e9es dans cette forme par la rivi\u00e8re et nous les polissons uniquement dans des spirales avec de la poudre d'oxyde de c\u00e9rium.<\/p>\n<p>ATTENTION : La plupart des \"carneoles\" propos\u00e9es dans le commerce sont des agates calcin\u00e9es.<\/p>\n<p>La cornaline naturelle est une vari\u00e9t\u00e9 de quartz - plus pr\u00e9cis\u00e9ment, la cornaline appartient au groupe des CHALCEDONE - color\u00e9e en jaune \u00e0 rouge orang\u00e9 par des ions de fer.<\/p>","protected":false},"excerpt":{"rendered":"<p>Les pierres sont d\u00e9j\u00e0 roul\u00e9es dans cette forme par la rivi\u00e8re et nous ne les polissons plus qu'en spirales avec de la poudre d'oxyde de c\u00e9rium. ATTENTION : La plupart des \"carn\u00e9oles\" propos\u00e9es dans le commerce sont des agates br\u00fbl\u00e9es. La cornaline naturelle est une vari\u00e9t\u00e9 de quartz - color\u00e9 en jaune \u00e0 rouge orang\u00e9 par des ions de fer - qui appartient plus pr\u00e9cis\u00e9ment au groupe des CHALCEDONE .<\/p>","protected":false},"featured_media":333,"template":"","meta":{"_acf_changed":false},"region":[],"product_brand":[],"product_cat":[15],"product_tag":[],"class_list":{"0":"post-332","1":"product","2":"type-product","3":"status-publish","4":"has-post-thumbnail","6":"product_cat-mineralien","8":"first","9":"outofstock","10":"sold-individually","11":"product-type-simple"},"acf":[],"_links":{"self":[{"href":"https:\/\/westgem.shop\/fr\/wp-json\/wp\/v2\/product\/332","targetHints":{"allow":["GET"]}}],"collection":[{"href":"https:\/\/westgem.shop\/fr\/wp-json\/wp\/v2\/product"}],"about":[{"href":"https:\/\/westgem.shop\/fr\/wp-json\/wp\/v2\/types\/product"}],"wp:featuredmedia":[{"embeddable":true,"href":"https:\/\/westgem.shop\/fr\/wp-json\/wp\/v2\/media\/333"}],"wp:attachment":[{"href":"https:\/\/westgem.shop\/fr\/wp-json\/wp\/v2\/media?parent=332"}],"wp:term":[{"taxonomy":"region","embeddable":true,"href":"https:\/\/westgem.shop\/fr\/wp-json\/wp\/v2\/region?post=332"},{"taxonomy":"product_brand","embeddable":true,"href":"https:\/\/westgem.shop\/fr\/wp-json\/wp\/v2\/product_brand?post=332"},{"taxonomy":"product_cat","embeddable":true,"href":"https:\/\/westgem.shop\/fr\/wp-json\/wp\/v2\/product_cat?post=332"},{"taxonomy":"product_tag","embeddable":true,"href":"https:\/\/westgem.shop\/fr\/wp-json\/wp\/v2\/product_tag?post=332"}],"curies":[{"name":"wp","href":"https:\/\/api.w.org\/{rel}","templated":true}]}}