{"id":364,"date":"2000-01-10T00:00:00","date_gmt":"2000-01-10T00:00:00","guid":{"rendered":"https:\/\/miners.rocks\/product\/29\/"},"modified":"2020-05-19T16:55:17","modified_gmt":"2020-05-19T16:55:17","slug":"vh003-titea-singularis-renforce-bois","status":"publish","type":"product","link":"https:\/\/westgem.shop\/fr\/produit\/vh003-titea-singularis-renforce-bois\/","title":{"rendered":"VH003 - TITEA SINGULARIS - Verst. BOIS"},"content":{"rendered":"<p><u>Relativement rare<\/u> on trouve parmi les bois fossilis\u00e9s des restes de COULEURS D'ARBRE, reconnaissables aux faisceaux conducteurs plus clairs de la gaine racinaire. L'aspect pointill\u00e9 a conduit \u00e0 l'appellation \"PIERRE D'\u00c9TOILE\" - ou \"PIERRE DE VERRE\" - en r\u00e9f\u00e9rence \u00e0 la courbure des faisceaux conducteurs et des cavit\u00e9s.  On le voit particuli\u00e8rement bien dans les sections polies.<\/p>\n<p>L'\u00e2ge de ces FOUGES fossilis\u00e9es ( les foug\u00e8res \u00e9taient autrefois aussi grandes que nos arbres actuels) se situe entre 240 et 275 millions d'ann\u00e9es. Les pi\u00e8ces que nous proposons sont <u>de premi\u00e8re classe,<\/u> car m\u00eame l'\u00e9corce est encore enti\u00e8rement conserv\u00e9e.<\/p>\n<p>Polie d'un c\u00f4t\u00e9 - Poids : 1.20 kg Dimensions : 16 x 13 x 4 cm<\/p>\n<p>La photo 4 repr\u00e9sente le verso non poli.<\/p>\n<p>localisation de la trouvaille : Araguaino Petrified Forrest - Nord du Br\u00e9sil<\/p>","protected":false},"excerpt":{"rendered":"<p>Il est relativement rare de trouver des restes de FOURNES D'ARBRE parmi les bois fossilis\u00e9s, reconnaissables aux faisceaux conducteurs plus clairs de la gaine racinaire. L'aspect pointill\u00e9 a conduit \u00e0 l'appellation \"PIERRE D'\u00c9TOILE\" - ou \"PIERRE DE VERRE\" - en r\u00e9f\u00e9rence \u00e0 la courbure des faisceaux conducteurs et des cavit\u00e9s. On les voit particuli\u00e8rement bien dans les coupes transversales polies. L'\u00e2ge de ces FOURNES fossilis\u00e9es ( les [...]<\/p>","protected":false},"featured_media":365,"template":"","meta":{"_acf_changed":false},"region":[],"product_brand":[],"product_cat":[15],"product_tag":[],"class_list":{"0":"post-364","1":"product","2":"type-product","3":"status-publish","4":"has-post-thumbnail","6":"product_cat-mineralien","8":"first","9":"outofstock","10":"sold-individually","11":"product-type-simple"},"acf":[],"_links":{"self":[{"href":"https:\/\/westgem.shop\/fr\/wp-json\/wp\/v2\/product\/364","targetHints":{"allow":["GET"]}}],"collection":[{"href":"https:\/\/westgem.shop\/fr\/wp-json\/wp\/v2\/product"}],"about":[{"href":"https:\/\/westgem.shop\/fr\/wp-json\/wp\/v2\/types\/product"}],"wp:featuredmedia":[{"embeddable":true,"href":"https:\/\/westgem.shop\/fr\/wp-json\/wp\/v2\/media\/365"}],"wp:attachment":[{"href":"https:\/\/westgem.shop\/fr\/wp-json\/wp\/v2\/media?parent=364"}],"wp:term":[{"taxonomy":"region","embeddable":true,"href":"https:\/\/westgem.shop\/fr\/wp-json\/wp\/v2\/region?post=364"},{"taxonomy":"product_brand","embeddable":true,"href":"https:\/\/westgem.shop\/fr\/wp-json\/wp\/v2\/product_brand?post=364"},{"taxonomy":"product_cat","embeddable":true,"href":"https:\/\/westgem.shop\/fr\/wp-json\/wp\/v2\/product_cat?post=364"},{"taxonomy":"product_tag","embeddable":true,"href":"https:\/\/westgem.shop\/fr\/wp-json\/wp\/v2\/product_tag?post=364"}],"curies":[{"name":"wp","href":"https:\/\/api.w.org\/{rel}","templated":true}]}}