{"id":369,"date":"2000-01-11T00:00:00","date_gmt":"2000-01-11T00:00:00","guid":{"rendered":"https:\/\/miners.rocks\/product\/30\/"},"modified":"2020-05-19T16:55:20","modified_gmt":"2020-05-19T16:55:20","slug":"fougere-arborescente-bois-petrifie","status":"publish","type":"product","link":"https:\/\/westgem.shop\/fr\/produit\/fougere-arborescente-bois-petrifie\/","title":{"rendered":"Foug\u00e8re arborescente -Bois p\u00e9trifi\u00e9"},"content":{"rendered":"<p>Poids : 424 g -Dim:10 x 8.5 x4 cm<\/p>\n<p>Disques \u00e0 grume polis d'un c\u00f4t\u00e9.<br \/>\nAraguaina Petrified Forrest-Aranho-Nord du Br\u00e9sil<br \/>\n\u00c2ge : environ 275 millions d'ann\u00e9es<\/p>","protected":false},"excerpt":{"rendered":"<p>Poids : 424 g -Dim:10 x 8.5 x4 cm Disques de troncs polis d'un c\u00f4t\u00e9. Araguaina Petrified Forrest-Aranho-Nord du Br\u00e9sil \u00c2ge:env. 275 millions d'ann\u00e9es<\/p>","protected":false},"featured_media":370,"template":"","meta":{"_acf_changed":false},"region":[],"product_brand":[],"product_cat":[15],"product_tag":[],"class_list":{"0":"post-369","1":"product","2":"type-product","3":"status-publish","4":"has-post-thumbnail","6":"product_cat-mineralien","8":"first","9":"outofstock","10":"sold-individually","11":"product-type-simple"},"acf":[],"_links":{"self":[{"href":"https:\/\/westgem.shop\/fr\/wp-json\/wp\/v2\/product\/369","targetHints":{"allow":["GET"]}}],"collection":[{"href":"https:\/\/westgem.shop\/fr\/wp-json\/wp\/v2\/product"}],"about":[{"href":"https:\/\/westgem.shop\/fr\/wp-json\/wp\/v2\/types\/product"}],"wp:featuredmedia":[{"embeddable":true,"href":"https:\/\/westgem.shop\/fr\/wp-json\/wp\/v2\/media\/370"}],"wp:attachment":[{"href":"https:\/\/westgem.shop\/fr\/wp-json\/wp\/v2\/media?parent=369"}],"wp:term":[{"taxonomy":"region","embeddable":true,"href":"https:\/\/westgem.shop\/fr\/wp-json\/wp\/v2\/region?post=369"},{"taxonomy":"product_brand","embeddable":true,"href":"https:\/\/westgem.shop\/fr\/wp-json\/wp\/v2\/product_brand?post=369"},{"taxonomy":"product_cat","embeddable":true,"href":"https:\/\/westgem.shop\/fr\/wp-json\/wp\/v2\/product_cat?post=369"},{"taxonomy":"product_tag","embeddable":true,"href":"https:\/\/westgem.shop\/fr\/wp-json\/wp\/v2\/product_tag?post=369"}],"curies":[{"name":"wp","href":"https:\/\/api.w.org\/{rel}","templated":true}]}}