{"id":371,"date":"2000-01-12T00:00:00","date_gmt":"2000-01-12T00:00:00","guid":{"rendered":"https:\/\/miners.rocks\/product\/31\/"},"modified":"2020-05-19T16:55:20","modified_gmt":"2020-05-19T16:55:20","slug":"fougere-arborescente-titea-singularis","status":"publish","type":"product","link":"https:\/\/westgem.shop\/fr\/produit\/fougere-arborescente-titea-singularis\/","title":{"rendered":"Foug\u00e8re arborescente - Titea Singularis"},"content":{"rendered":"<p>Poids : 378 g Dim : 10.5 x9 x 3 cm<\/p>\n<p>Disques \u00e0 grume polis d'un c\u00f4t\u00e9.<br \/>\nAraguaina Petrified Forrest-Aranho-Nord du Br\u00e9sil<\/p>","protected":false},"excerpt":{"rendered":"<p>Poids : 378 g Dim : 10.5 x9 x 3 cm Disques de troncs polis d'un c\u00f4t\u00e9. Araguaina Petrified Forrest-Aranho-Nord du Br\u00e9sil<\/p>","protected":false},"featured_media":372,"template":"","meta":{"_acf_changed":false},"region":[],"product_brand":[],"product_cat":[15],"product_tag":[],"class_list":{"0":"post-371","1":"product","2":"type-product","3":"status-publish","4":"has-post-thumbnail","6":"product_cat-mineralien","8":"first","9":"outofstock","10":"sold-individually","11":"product-type-simple"},"acf":[],"_links":{"self":[{"href":"https:\/\/westgem.shop\/fr\/wp-json\/wp\/v2\/product\/371","targetHints":{"allow":["GET"]}}],"collection":[{"href":"https:\/\/westgem.shop\/fr\/wp-json\/wp\/v2\/product"}],"about":[{"href":"https:\/\/westgem.shop\/fr\/wp-json\/wp\/v2\/types\/product"}],"wp:featuredmedia":[{"embeddable":true,"href":"https:\/\/westgem.shop\/fr\/wp-json\/wp\/v2\/media\/372"}],"wp:attachment":[{"href":"https:\/\/westgem.shop\/fr\/wp-json\/wp\/v2\/media?parent=371"}],"wp:term":[{"taxonomy":"region","embeddable":true,"href":"https:\/\/westgem.shop\/fr\/wp-json\/wp\/v2\/region?post=371"},{"taxonomy":"product_brand","embeddable":true,"href":"https:\/\/westgem.shop\/fr\/wp-json\/wp\/v2\/product_brand?post=371"},{"taxonomy":"product_cat","embeddable":true,"href":"https:\/\/westgem.shop\/fr\/wp-json\/wp\/v2\/product_cat?post=371"},{"taxonomy":"product_tag","embeddable":true,"href":"https:\/\/westgem.shop\/fr\/wp-json\/wp\/v2\/product_tag?post=371"}],"curies":[{"name":"wp","href":"https:\/\/api.w.org\/{rel}","templated":true}]}}