{"id":373,"date":"2000-01-13T00:00:00","date_gmt":"2000-01-13T00:00:00","guid":{"rendered":"https:\/\/miners.rocks\/product\/32\/"},"modified":"2020-05-19T16:55:20","modified_gmt":"2020-05-19T16:55:20","slug":"la-fougere-arborescente-a-270-millions-dannees","status":"publish","type":"product","link":"https:\/\/westgem.shop\/fr\/produit\/la-fougere-arborescente-a-270-millions-dannees\/","title":{"rendered":"FEUILLES D'ARBRE - 270 millions d'ann\u00e9es"},"content":{"rendered":"<p>Poids : 754 g Dim:11 x 8 x 7 cm<\/p>\n<p>Disques \u00e0 grume polis d'un c\u00f4t\u00e9.<br \/>\nAraguaina Petrified Forrest-Aranho-Nord du Br\u00e9sil<br \/>\n\u00c2ge : environ 275 millions d'ann\u00e9es<\/p>\n<p> Ce n'est que rarement que l'on trouve des restes de foug\u00e8res et de palmiers parmi les bois fossilis\u00e9s.<\/p>","protected":false},"excerpt":{"rendered":"<p>Poids : 754 g Dim:11 x 8 x 7 cm Disques de troncs polis d'un c\u00f4t\u00e9. Araguaina Petrified Forrest-Aranho-Nord du Br\u00e9sil \u00c2ge:env. 275 millions d'ann\u00e9es On ne trouve que rarement des restes de foug\u00e8res et de palmiers parmi les bois fossilis\u00e9s.<\/p>","protected":false},"featured_media":374,"template":"","meta":{"_acf_changed":false},"region":[],"product_brand":[],"product_cat":[15],"product_tag":[],"class_list":{"0":"post-373","1":"product","2":"type-product","3":"status-publish","4":"has-post-thumbnail","6":"product_cat-mineralien","8":"first","9":"outofstock","10":"sold-individually","11":"product-type-simple"},"acf":[],"_links":{"self":[{"href":"https:\/\/westgem.shop\/fr\/wp-json\/wp\/v2\/product\/373","targetHints":{"allow":["GET"]}}],"collection":[{"href":"https:\/\/westgem.shop\/fr\/wp-json\/wp\/v2\/product"}],"about":[{"href":"https:\/\/westgem.shop\/fr\/wp-json\/wp\/v2\/types\/product"}],"wp:featuredmedia":[{"embeddable":true,"href":"https:\/\/westgem.shop\/fr\/wp-json\/wp\/v2\/media\/374"}],"wp:attachment":[{"href":"https:\/\/westgem.shop\/fr\/wp-json\/wp\/v2\/media?parent=373"}],"wp:term":[{"taxonomy":"region","embeddable":true,"href":"https:\/\/westgem.shop\/fr\/wp-json\/wp\/v2\/region?post=373"},{"taxonomy":"product_brand","embeddable":true,"href":"https:\/\/westgem.shop\/fr\/wp-json\/wp\/v2\/product_brand?post=373"},{"taxonomy":"product_cat","embeddable":true,"href":"https:\/\/westgem.shop\/fr\/wp-json\/wp\/v2\/product_cat?post=373"},{"taxonomy":"product_tag","embeddable":true,"href":"https:\/\/westgem.shop\/fr\/wp-json\/wp\/v2\/product_tag?post=373"}],"curies":[{"name":"wp","href":"https:\/\/api.w.org\/{rel}","templated":true}]}}