{"id":376,"date":"2000-01-14T00:00:00","date_gmt":"2000-01-14T00:00:00","guid":{"rendered":"https:\/\/miners.rocks\/product\/33\/"},"modified":"2020-05-19T16:55:20","modified_gmt":"2020-05-19T16:55:20","slug":"selenite-xx-et-halite-xx","status":"publish","type":"product","link":"https:\/\/westgem.shop\/fr\/produit\/selenite-xx-et-halite-xx\/","title":{"rendered":"SELENIT xx et HALIT xx"},"content":{"rendered":"<p>SELENIT xx de couleur orange, totalement transparente, avec des surfaces terminales typiques en queue d'aronde - <\/p>\n<p>avec de l'HALIT xx blanc, transparent trouble = PIERRE avec de beaux cristaux cubiques.<\/p>\n<p><u>Poids : 254 g Dim : niveau :13 x 8 x 4 cm -xx \u00e0 4 cm<\/u><\/p>\n<p>Niveaux cristallins sup\u00e9rieurs avec des cristaux parfaits de s\u00e9l\u00e9nite xx et de sel gemme blanc provenant d'une mine de sel au bord de l'oc\u00e9an Pacifique au P\u00e9rou.<\/p>\n<p>SALINAS DE PARACAS - PISCO<\/p>","protected":false},"excerpt":{"rendered":"<p>S\u00e9l\u00e9nite xx de couleur orange, totalement transparente avec des faces terminales typiques en queue d'aronde - avec de l'halite xx blanche, transparente et opaque = sel gemme avec de beaux cristaux cubiques. Poids : 254 g Dim : Marche :13 x 8 x 4 cm -xx jusqu'\u00e0 4 cm Marches en cristal top avec s\u00e9l\u00e9nite xx parfaite et cristaux de sel gemme blancs provenant d'une mine de sel au bord de l'oc\u00e9an Pacifique au P\u00e9rou. SALINAS [...]<\/p>","protected":false},"featured_media":0,"template":"","meta":{"_acf_changed":false},"region":[],"product_brand":[],"product_cat":[15],"product_tag":[],"class_list":{"0":"post-376","1":"product","2":"type-product","3":"status-publish","5":"product_cat-mineralien","7":"first","8":"outofstock","9":"sold-individually","10":"product-type-simple"},"acf":[],"_links":{"self":[{"href":"https:\/\/westgem.shop\/fr\/wp-json\/wp\/v2\/product\/376","targetHints":{"allow":["GET"]}}],"collection":[{"href":"https:\/\/westgem.shop\/fr\/wp-json\/wp\/v2\/product"}],"about":[{"href":"https:\/\/westgem.shop\/fr\/wp-json\/wp\/v2\/types\/product"}],"wp:attachment":[{"href":"https:\/\/westgem.shop\/fr\/wp-json\/wp\/v2\/media?parent=376"}],"wp:term":[{"taxonomy":"region","embeddable":true,"href":"https:\/\/westgem.shop\/fr\/wp-json\/wp\/v2\/region?post=376"},{"taxonomy":"product_brand","embeddable":true,"href":"https:\/\/westgem.shop\/fr\/wp-json\/wp\/v2\/product_brand?post=376"},{"taxonomy":"product_cat","embeddable":true,"href":"https:\/\/westgem.shop\/fr\/wp-json\/wp\/v2\/product_cat?post=376"},{"taxonomy":"product_tag","embeddable":true,"href":"https:\/\/westgem.shop\/fr\/wp-json\/wp\/v2\/product_tag?post=376"}],"curies":[{"name":"wp","href":"https:\/\/api.w.org\/{rel}","templated":true}]}}