{"id":377,"date":"2000-01-15T00:00:00","date_gmt":"2000-01-15T00:00:00","guid":{"rendered":"https:\/\/miners.rocks\/product\/34\/"},"modified":"2020-05-19T16:55:21","modified_gmt":"2020-05-19T16:55:21","slug":"selenite-xx-halite-xx","status":"publish","type":"product","link":"https:\/\/westgem.shop\/fr\/produit\/selenite-xx-halite-xx\/","title":{"rendered":"S\u00e9l\u00e9nite xx Halite xx"},"content":{"rendered":"<p>Poids de cette \u00e9tape : 750 g<\/p>\n<p>Dimensions : Marche : 19 x 11 x 6 cm -xx \u00e0 4 cm<\/p>\n<p>Cristaux de s\u00e9l\u00e9nite de premi\u00e8re qualit\u00e9, transparents, de couleur ambre, avec des faces terminales parfaites en \"queue d'aronde\".<\/p>","protected":false},"excerpt":{"rendered":"<p>Poids de cette marche : 750 g Dimensions : Marche : 19 x 11 x 6 cm -xx jusqu'\u00e0 4 cm Cristaux de s\u00e9l\u00e9nite de premi\u00e8re qualit\u00e9, transparents, de couleur ambre, avec des faces terminales parfaites en \"queue d'aronde\".<\/p>","protected":false},"featured_media":378,"template":"","meta":{"_acf_changed":false},"region":[],"product_brand":[],"product_cat":[15],"product_tag":[],"class_list":{"0":"post-377","1":"product","2":"type-product","3":"status-publish","4":"has-post-thumbnail","6":"product_cat-mineralien","8":"first","9":"outofstock","10":"sold-individually","11":"product-type-simple"},"acf":[],"_links":{"self":[{"href":"https:\/\/westgem.shop\/fr\/wp-json\/wp\/v2\/product\/377","targetHints":{"allow":["GET"]}}],"collection":[{"href":"https:\/\/westgem.shop\/fr\/wp-json\/wp\/v2\/product"}],"about":[{"href":"https:\/\/westgem.shop\/fr\/wp-json\/wp\/v2\/types\/product"}],"wp:featuredmedia":[{"embeddable":true,"href":"https:\/\/westgem.shop\/fr\/wp-json\/wp\/v2\/media\/378"}],"wp:attachment":[{"href":"https:\/\/westgem.shop\/fr\/wp-json\/wp\/v2\/media?parent=377"}],"wp:term":[{"taxonomy":"region","embeddable":true,"href":"https:\/\/westgem.shop\/fr\/wp-json\/wp\/v2\/region?post=377"},{"taxonomy":"product_brand","embeddable":true,"href":"https:\/\/westgem.shop\/fr\/wp-json\/wp\/v2\/product_brand?post=377"},{"taxonomy":"product_cat","embeddable":true,"href":"https:\/\/westgem.shop\/fr\/wp-json\/wp\/v2\/product_cat?post=377"},{"taxonomy":"product_tag","embeddable":true,"href":"https:\/\/westgem.shop\/fr\/wp-json\/wp\/v2\/product_tag?post=377"}],"curies":[{"name":"wp","href":"https:\/\/api.w.org\/{rel}","templated":true}]}}