{"id":380,"date":"2000-01-16T00:00:00","date_gmt":"2000-01-16T00:00:00","guid":{"rendered":"https:\/\/miners.rocks\/product\/37\/"},"modified":"2020-05-19T16:55:21","modified_gmt":"2020-05-19T16:55:21","slug":"dioptas-xx-avec-chrysocolle","status":"publish","type":"product","link":"https:\/\/westgem.shop\/fr\/produit\/dioptas-xx-avec-chrysocolle\/","title":{"rendered":"DIOPTAS xx avec CHRYSOKOLL"},"content":{"rendered":"<p>On conna\u00eet de superbes niveaux de dioptase en Namibie ou en Arizona, mais les DIOPTASE d'ARGENTINE sont pratiquement inconnues en Europe.<\/p>\n<p>DIOPTAS xx ou encore \" KUPFERSMARAGD \" .<\/p>\n<p>Cristaux DIOPTAS vert poison brillants comme des diamants avec chrysocolle sur pierre m\u00e8re.<\/p>\n<p>La derni\u00e8re image montre le dessous de la marche.<\/p>\n<p>Poids:457 g Dim.:9 x9 x 3 cm<\/p>\n<p>Lieu de d\u00e9couverte : Pegmatite Cerro Blanco - Tanti -ARGENTINE<\/p>","protected":false},"excerpt":{"rendered":"<p>On conna\u00eet de superbes dioptases de Namibie ou d'Arizona, mais les DIOPTASE d'ARGENTINE sont pratiquement inconnues en Europe. DIOPTAS xx ou \" MARAGDE DE CUIVRE \" . Cristaux de DIOPTAS vert poison brillants comme des diamants avec chrysocolle sur roche m\u00e8re. La derni\u00e8re photo montre le dessous de la marche. Poids:457 g Dim.:9 x9 x 3 cm L'endroit de la d\u00e9couverte est : Cerro Blanco Pegmatit - Tanti [...]<\/p>","protected":false},"featured_media":381,"template":"","meta":{"_acf_changed":false},"region":[],"product_brand":[],"product_cat":[15],"product_tag":[],"class_list":{"0":"post-380","1":"product","2":"type-product","3":"status-publish","4":"has-post-thumbnail","6":"product_cat-mineralien","8":"first","9":"outofstock","10":"sold-individually","11":"product-type-simple"},"acf":[],"_links":{"self":[{"href":"https:\/\/westgem.shop\/fr\/wp-json\/wp\/v2\/product\/380","targetHints":{"allow":["GET"]}}],"collection":[{"href":"https:\/\/westgem.shop\/fr\/wp-json\/wp\/v2\/product"}],"about":[{"href":"https:\/\/westgem.shop\/fr\/wp-json\/wp\/v2\/types\/product"}],"wp:featuredmedia":[{"embeddable":true,"href":"https:\/\/westgem.shop\/fr\/wp-json\/wp\/v2\/media\/381"}],"wp:attachment":[{"href":"https:\/\/westgem.shop\/fr\/wp-json\/wp\/v2\/media?parent=380"}],"wp:term":[{"taxonomy":"region","embeddable":true,"href":"https:\/\/westgem.shop\/fr\/wp-json\/wp\/v2\/region?post=380"},{"taxonomy":"product_brand","embeddable":true,"href":"https:\/\/westgem.shop\/fr\/wp-json\/wp\/v2\/product_brand?post=380"},{"taxonomy":"product_cat","embeddable":true,"href":"https:\/\/westgem.shop\/fr\/wp-json\/wp\/v2\/product_cat?post=380"},{"taxonomy":"product_tag","embeddable":true,"href":"https:\/\/westgem.shop\/fr\/wp-json\/wp\/v2\/product_tag?post=380"}],"curies":[{"name":"wp","href":"https:\/\/api.w.org\/{rel}","templated":true}]}}