{"id":385,"date":"2000-01-17T00:00:00","date_gmt":"2000-01-17T00:00:00","guid":{"rendered":"https:\/\/miners.rocks\/product\/38\/"},"modified":"2020-05-19T16:55:21","modified_gmt":"2020-05-19T16:55:21","slug":"carrollit-xx-description","status":"publish","type":"product","link":"https:\/\/westgem.shop\/fr\/produit\/carrollit-xx-description\/","title":{"rendered":"CARROLLIT xx - DESCRIPTION"},"content":{"rendered":"<p>Des cristaux de CARROLLIT argent\u00e9s-m\u00e9talliques tr\u00e8s brillants sont libres dans des BARYT blancs tardifs. On trouve aussi souvent de la CHALCOPYRIT xx comme min\u00e9ral associ\u00e9.<\/p>\n<p> Relativement RARE - il faut en avoir au moins un dans sa collection...<\/p>\n<p>Poids : 363 g Dimensions : Niveau:9 x 6 x 6 cm CARROLLIT xx environ 1 cm (beaucoup de xx)<\/p>\n<p>KOBALT - NICKEL Min\u00e9ral issu d'une d\u00e9couverte sensationnelle en 2002 lors de travaux min\u00e9ralogiques de suivi dans une mine \u00e0 ciel ouvert d'URAN - NICKEL abandonn\u00e9e au Congo.<\/p>\n<p>localisation de la trouvaille : Mine de South Camoya - Kambove - Congo<\/p>\n<p>La derni\u00e8re photo montre l'arri\u00e8re de la marche .<\/p>","protected":false},"excerpt":{"rendered":"<p>Des cristaux de CARROLLIT argent\u00e9s-m\u00e9talliques tr\u00e8s brillants sont libres dans des BARYT blancs tardifs. On trouve aussi souvent des CHALCOPYRIT xx comme min\u00e9raux d'accompagnement. Relativement rare - il faut en avoir au moins un dans sa collection... Poids : 363 g Dimensions : Niveau:9 x 6 x 6 cm CARROLLIT xx env. 1 cm (beaucoup de xx) KOBALT - NICKEL Min\u00e9ral provenant d'une d\u00e9couverte sensationnelle en 2002 pr\u00e8s de [...].<\/p>","protected":false},"featured_media":386,"template":"","meta":{"_acf_changed":false},"region":[],"product_brand":[],"product_cat":[15],"product_tag":[],"class_list":{"0":"post-385","1":"product","2":"type-product","3":"status-publish","4":"has-post-thumbnail","6":"product_cat-mineralien","8":"first","9":"outofstock","10":"sold-individually","11":"product-type-simple"},"acf":[],"_links":{"self":[{"href":"https:\/\/westgem.shop\/fr\/wp-json\/wp\/v2\/product\/385","targetHints":{"allow":["GET"]}}],"collection":[{"href":"https:\/\/westgem.shop\/fr\/wp-json\/wp\/v2\/product"}],"about":[{"href":"https:\/\/westgem.shop\/fr\/wp-json\/wp\/v2\/types\/product"}],"wp:featuredmedia":[{"embeddable":true,"href":"https:\/\/westgem.shop\/fr\/wp-json\/wp\/v2\/media\/386"}],"wp:attachment":[{"href":"https:\/\/westgem.shop\/fr\/wp-json\/wp\/v2\/media?parent=385"}],"wp:term":[{"taxonomy":"region","embeddable":true,"href":"https:\/\/westgem.shop\/fr\/wp-json\/wp\/v2\/region?post=385"},{"taxonomy":"product_brand","embeddable":true,"href":"https:\/\/westgem.shop\/fr\/wp-json\/wp\/v2\/product_brand?post=385"},{"taxonomy":"product_cat","embeddable":true,"href":"https:\/\/westgem.shop\/fr\/wp-json\/wp\/v2\/product_cat?post=385"},{"taxonomy":"product_tag","embeddable":true,"href":"https:\/\/westgem.shop\/fr\/wp-json\/wp\/v2\/product_tag?post=385"}],"curies":[{"name":"wp","href":"https:\/\/api.w.org\/{rel}","templated":true}]}}