{"id":392,"date":"2000-01-18T00:00:00","date_gmt":"2000-01-18T00:00:00","guid":{"rendered":"https:\/\/miners.rocks\/product\/39\/"},"modified":"2020-05-19T16:55:22","modified_gmt":"2020-05-19T16:55:22","slug":"labradorite-aaa-toutes-les-faces-couleur-pot","status":"publish","type":"product","link":"https:\/\/westgem.shop\/fr\/produit\/labradorite-aaa-toutes-les-faces-couleur-pot\/","title":{"rendered":"LABRADORIT AAA Peinture en pot toutes faces"},"content":{"rendered":"<p>Poids : 570 g (0,57 kg) Dim:9 x 9 x 4 cm<\/p>\n<p>Lieu de d\u00e9couverte : Bekily - Madagascar<\/p>\n<p>Pi\u00e8ce de premi\u00e8re qualit\u00e9 - polie sur toutes ses faces avec de superbes couleurs d'interf\u00e9rence sur toute sa surface (devant et derri\u00e8re) -.<\/p>","protected":false},"excerpt":{"rendered":"<p>Poids : 570 g (0,57 kg) Dim:9 x 9 x 4 cm Lieu de d\u00e9couverte : Bekily - Madagascar Pi\u00e8ce de premi\u00e8re qualit\u00e9 - polie sur toutes ses faces avec de superbes couleurs interf\u00e9rentielles sur toute sa surface (devant et derri\u00e8re).<\/p>","protected":false},"featured_media":393,"template":"","meta":{"_acf_changed":false},"region":[],"product_brand":[],"product_cat":[15],"product_tag":[],"class_list":{"0":"post-392","1":"product","2":"type-product","3":"status-publish","4":"has-post-thumbnail","6":"product_cat-mineralien","8":"first","9":"outofstock","10":"sold-individually","11":"product-type-simple"},"acf":[],"_links":{"self":[{"href":"https:\/\/westgem.shop\/fr\/wp-json\/wp\/v2\/product\/392","targetHints":{"allow":["GET"]}}],"collection":[{"href":"https:\/\/westgem.shop\/fr\/wp-json\/wp\/v2\/product"}],"about":[{"href":"https:\/\/westgem.shop\/fr\/wp-json\/wp\/v2\/types\/product"}],"wp:featuredmedia":[{"embeddable":true,"href":"https:\/\/westgem.shop\/fr\/wp-json\/wp\/v2\/media\/393"}],"wp:attachment":[{"href":"https:\/\/westgem.shop\/fr\/wp-json\/wp\/v2\/media?parent=392"}],"wp:term":[{"taxonomy":"region","embeddable":true,"href":"https:\/\/westgem.shop\/fr\/wp-json\/wp\/v2\/region?post=392"},{"taxonomy":"product_brand","embeddable":true,"href":"https:\/\/westgem.shop\/fr\/wp-json\/wp\/v2\/product_brand?post=392"},{"taxonomy":"product_cat","embeddable":true,"href":"https:\/\/westgem.shop\/fr\/wp-json\/wp\/v2\/product_cat?post=392"},{"taxonomy":"product_tag","embeddable":true,"href":"https:\/\/westgem.shop\/fr\/wp-json\/wp\/v2\/product_tag?post=392"}],"curies":[{"name":"wp","href":"https:\/\/api.w.org\/{rel}","templated":true}]}}