{"id":396,"date":"2000-01-19T00:00:00","date_gmt":"2000-01-19T00:00:00","guid":{"rendered":"https:\/\/miners.rocks\/product\/40\/"},"modified":"2020-05-19T16:55:22","modified_gmt":"2020-05-19T16:55:22","slug":"labradorite-aaa","status":"publish","type":"product","link":"https:\/\/westgem.shop\/fr\/produit\/labradorite-aaa\/","title":{"rendered":"Labradorite AAA"},"content":{"rendered":"<p>Poids : 0.80 kg Dim : 14 x 8 x 3.5 cm<\/p>\n<p>localisation de la trouvaille:Ampandrandrava - Bekily -Madagascar<\/p>\n<p>Qualit\u00e9 sup\u00e9rieure - polie de tous c\u00f4t\u00e9s - de superbes couleurs d'interf\u00e9rence apparaissent sur toute la surface en fonction de l'incidence de la lumi\u00e8re.<\/p>","protected":false},"excerpt":{"rendered":"<p>Poids : 0.80 kg Dim : 14 x 8 x 3.5 cm Lieu de d\u00e9couverte : Ampandrandrava - Bekily -Madagascar Qualit\u00e9 sup\u00e9rieure - polie de tous c\u00f4t\u00e9s - la surface enti\u00e8re pr\u00e9sente de superbes couleurs d'interf\u00e9rence selon l'incidence de la lumi\u00e8re.<\/p>","protected":false},"featured_media":397,"template":"","meta":{"_acf_changed":false},"region":[],"product_brand":[],"product_cat":[15],"product_tag":[],"class_list":{"0":"post-396","1":"product","2":"type-product","3":"status-publish","4":"has-post-thumbnail","6":"product_cat-mineralien","8":"first","9":"outofstock","10":"sold-individually","11":"product-type-simple"},"acf":[],"_links":{"self":[{"href":"https:\/\/westgem.shop\/fr\/wp-json\/wp\/v2\/product\/396","targetHints":{"allow":["GET"]}}],"collection":[{"href":"https:\/\/westgem.shop\/fr\/wp-json\/wp\/v2\/product"}],"about":[{"href":"https:\/\/westgem.shop\/fr\/wp-json\/wp\/v2\/types\/product"}],"wp:featuredmedia":[{"embeddable":true,"href":"https:\/\/westgem.shop\/fr\/wp-json\/wp\/v2\/media\/397"}],"wp:attachment":[{"href":"https:\/\/westgem.shop\/fr\/wp-json\/wp\/v2\/media?parent=396"}],"wp:term":[{"taxonomy":"region","embeddable":true,"href":"https:\/\/westgem.shop\/fr\/wp-json\/wp\/v2\/region?post=396"},{"taxonomy":"product_brand","embeddable":true,"href":"https:\/\/westgem.shop\/fr\/wp-json\/wp\/v2\/product_brand?post=396"},{"taxonomy":"product_cat","embeddable":true,"href":"https:\/\/westgem.shop\/fr\/wp-json\/wp\/v2\/product_cat?post=396"},{"taxonomy":"product_tag","embeddable":true,"href":"https:\/\/westgem.shop\/fr\/wp-json\/wp\/v2\/product_tag?post=396"}],"curies":[{"name":"wp","href":"https:\/\/api.w.org\/{rel}","templated":true}]}}