{"id":399,"date":"2000-01-20T00:00:00","date_gmt":"2000-01-20T00:00:00","guid":{"rendered":"https:\/\/miners.rocks\/product\/41\/"},"modified":"2020-05-19T16:55:23","modified_gmt":"2020-05-19T16:55:23","slug":"oeil-de-tigre-brut","status":"publish","type":"product","link":"https:\/\/westgem.shop\/fr\/produit\/oeil-de-tigre-brut\/","title":{"rendered":"Oeil de tigre - brut"},"content":{"rendered":"<p>Cette pi\u00e8ce est apparue par hasard en d\u00e9coupant des plaques plus grandes.<\/p>\n<p>Poids : 6,60 kg Dim:31 x 20 x 7 cm<\/p>\n<p>Lieu de d\u00e9couverte : Bandet Iron Mine -Griqualand -Afrique du Sud<\/p>\n<p>Superbe pi\u00e8ce de d\u00e9coration pour le salon, le bureau ...<br \/>\n7 couches de plaques d'\u0153il de tigre avec du jaspe brun et de la magn\u00e9tite -avec base naturelle (se pose librement sans support)<\/p>","protected":false},"excerpt":{"rendered":"<p>Cette pi\u00e8ce s'est trouv\u00e9e par hasard en d\u00e9coupant des plaques plus grandes. Poids : 6,60 kg Dim:31 x 20 x 7 cm Lieu de d\u00e9couverte : Bandet Iron Mine -Griqualand -Afrique du Sud Superbe pi\u00e8ce de d\u00e9coration pour les pi\u00e8ces d'habitation, les bureaux ... 7 couches de plaques d'oeil de tigre avec du jaspe brun et de la magn\u00e9tite -avec socle naturel (se tient debout librement sans support)<\/p>","protected":false},"featured_media":400,"template":"","meta":{"_acf_changed":false},"region":[],"product_brand":[],"product_cat":[15],"product_tag":[],"class_list":{"0":"post-399","1":"product","2":"type-product","3":"status-publish","4":"has-post-thumbnail","6":"product_cat-mineralien","8":"first","9":"outofstock","10":"sold-individually","11":"product-type-simple"},"acf":[],"_links":{"self":[{"href":"https:\/\/westgem.shop\/fr\/wp-json\/wp\/v2\/product\/399","targetHints":{"allow":["GET"]}}],"collection":[{"href":"https:\/\/westgem.shop\/fr\/wp-json\/wp\/v2\/product"}],"about":[{"href":"https:\/\/westgem.shop\/fr\/wp-json\/wp\/v2\/types\/product"}],"wp:featuredmedia":[{"embeddable":true,"href":"https:\/\/westgem.shop\/fr\/wp-json\/wp\/v2\/media\/400"}],"wp:attachment":[{"href":"https:\/\/westgem.shop\/fr\/wp-json\/wp\/v2\/media?parent=399"}],"wp:term":[{"taxonomy":"region","embeddable":true,"href":"https:\/\/westgem.shop\/fr\/wp-json\/wp\/v2\/region?post=399"},{"taxonomy":"product_brand","embeddable":true,"href":"https:\/\/westgem.shop\/fr\/wp-json\/wp\/v2\/product_brand?post=399"},{"taxonomy":"product_cat","embeddable":true,"href":"https:\/\/westgem.shop\/fr\/wp-json\/wp\/v2\/product_cat?post=399"},{"taxonomy":"product_tag","embeddable":true,"href":"https:\/\/westgem.shop\/fr\/wp-json\/wp\/v2\/product_tag?post=399"}],"curies":[{"name":"wp","href":"https:\/\/api.w.org\/{rel}","templated":true}]}}