{"id":401,"date":"2000-01-21T00:00:00","date_gmt":"2000-01-21T00:00:00","guid":{"rendered":"https:\/\/miners.rocks\/product\/42\/"},"modified":"2020-05-19T16:55:24","modified_gmt":"2020-05-19T16:55:24","slug":"oursins-cote-atlantique","status":"publish","type":"product","link":"https:\/\/westgem.shop\/fr\/produit\/oursins-cote-atlantique\/","title":{"rendered":"SEEIGEL - C\u00f4te Atlantique"},"content":{"rendered":"<p>Les oursins appartiennent au groupe des \u00e9chinodermes.<\/p>\n<p>1 bel oursin sur matrice de gr\u00e8s - trouv\u00e9 sur la c\u00f4te atlantique en Bretagne - France<\/p>\n<p>Nom latin : SCUTELLA FAUJASI - \u00e2ge env. 13 millions d'ann\u00e9es = \u00e2ge de la terre ; MIOZ\u00e4N<\/p>\n<p>Poids : 970 g (0,97 kg) Dim : 16 x 11 x 10 cm<\/p>\n<p>Oursin de mer 5,5 cm de diam\u00e8tre<\/p>","protected":false},"excerpt":{"rendered":"<p>Les oursins appartiennent au groupe des \u00e9chinodermes - 1 bel oursin sur matrice de gr\u00e8s - trouv\u00e9 sur la c\u00f4te atlantique en Bretagne - France Nom latin : SCUTELLA FAUJASI - \u00e2ge env. 13 millions d'ann\u00e9es = \u00e2ge de la terre ; MIOZEN Poids : 970 g (0,97 kg) Dim : 16 x 11 x 10 cm Oursin 5,5 cm de diam\u00e8tre<\/p>","protected":false},"featured_media":402,"template":"","meta":{"_acf_changed":false},"region":[],"product_brand":[],"product_cat":[15],"product_tag":[],"class_list":{"0":"post-401","1":"product","2":"type-product","3":"status-publish","4":"has-post-thumbnail","6":"product_cat-mineralien","8":"first","9":"outofstock","10":"sold-individually","11":"product-type-simple"},"acf":[],"_links":{"self":[{"href":"https:\/\/westgem.shop\/fr\/wp-json\/wp\/v2\/product\/401","targetHints":{"allow":["GET"]}}],"collection":[{"href":"https:\/\/westgem.shop\/fr\/wp-json\/wp\/v2\/product"}],"about":[{"href":"https:\/\/westgem.shop\/fr\/wp-json\/wp\/v2\/types\/product"}],"wp:featuredmedia":[{"embeddable":true,"href":"https:\/\/westgem.shop\/fr\/wp-json\/wp\/v2\/media\/402"}],"wp:attachment":[{"href":"https:\/\/westgem.shop\/fr\/wp-json\/wp\/v2\/media?parent=401"}],"wp:term":[{"taxonomy":"region","embeddable":true,"href":"https:\/\/westgem.shop\/fr\/wp-json\/wp\/v2\/region?post=401"},{"taxonomy":"product_brand","embeddable":true,"href":"https:\/\/westgem.shop\/fr\/wp-json\/wp\/v2\/product_brand?post=401"},{"taxonomy":"product_cat","embeddable":true,"href":"https:\/\/westgem.shop\/fr\/wp-json\/wp\/v2\/product_cat?post=401"},{"taxonomy":"product_tag","embeddable":true,"href":"https:\/\/westgem.shop\/fr\/wp-json\/wp\/v2\/product_tag?post=401"}],"curies":[{"name":"wp","href":"https:\/\/api.w.org\/{rel}","templated":true}]}}