{"id":404,"date":"2000-01-22T00:00:00","date_gmt":"2000-01-22T00:00:00","guid":{"rendered":"https:\/\/miners.rocks\/product\/44\/"},"modified":"2020-05-19T16:55:24","modified_gmt":"2020-05-19T16:55:24","slug":"lytoceras","status":"publish","type":"product","link":"https:\/\/westgem.shop\/fr\/produit\/lytoceras\/","title":{"rendered":"Lytoceras"},"content":{"rendered":"<p>Ammonite fossilis\u00e9e -Un fossile original, bien entendu<br \/>\nLe nom latin de cette esp\u00e8ce d'ammonite est -Lytoceras-.<br \/>\n\u00e2ge env. 140 millions d'ann\u00e9es<\/p>\n<p>Superbe pi\u00e8ce d'exposition d\u00e9corative - une raret\u00e9 absolue.<\/p>\n<p>localisation de la trouvaille : R\u00e9gion Anosy - Tul\u00e9ar - Madagascar<\/p>\n<p>Poids : 3,62 kg -Dimensions : 27 x 20 x 7 cm<\/p>","protected":false},"excerpt":{"rendered":"<p>Ammonite fossilis\u00e9e -un fossile original Le nom latin de cette esp\u00e8ce d'ammonite est -Lytoceras- \u00e2ge environ 140 millions d'ann\u00e9es Superbe pi\u00e8ce d\u00e9corative -une raret\u00e9 absolue. Lieu de d\u00e9couverte : r\u00e9gion d'Anosy - Tul\u00e9ar - Madagascar Poids : 3,62 kg -Dimensions : 27 x 20 x 7 cm<\/p>","protected":false},"featured_media":405,"template":"","meta":{"_acf_changed":false},"region":[],"product_brand":[],"product_cat":[15],"product_tag":[],"class_list":{"0":"post-404","1":"product","2":"type-product","3":"status-publish","4":"has-post-thumbnail","6":"product_cat-mineralien","8":"first","9":"outofstock","10":"sold-individually","11":"product-type-simple"},"acf":[],"_links":{"self":[{"href":"https:\/\/westgem.shop\/fr\/wp-json\/wp\/v2\/product\/404","targetHints":{"allow":["GET"]}}],"collection":[{"href":"https:\/\/westgem.shop\/fr\/wp-json\/wp\/v2\/product"}],"about":[{"href":"https:\/\/westgem.shop\/fr\/wp-json\/wp\/v2\/types\/product"}],"wp:featuredmedia":[{"embeddable":true,"href":"https:\/\/westgem.shop\/fr\/wp-json\/wp\/v2\/media\/405"}],"wp:attachment":[{"href":"https:\/\/westgem.shop\/fr\/wp-json\/wp\/v2\/media?parent=404"}],"wp:term":[{"taxonomy":"region","embeddable":true,"href":"https:\/\/westgem.shop\/fr\/wp-json\/wp\/v2\/region?post=404"},{"taxonomy":"product_brand","embeddable":true,"href":"https:\/\/westgem.shop\/fr\/wp-json\/wp\/v2\/product_brand?post=404"},{"taxonomy":"product_cat","embeddable":true,"href":"https:\/\/westgem.shop\/fr\/wp-json\/wp\/v2\/product_cat?post=404"},{"taxonomy":"product_tag","embeddable":true,"href":"https:\/\/westgem.shop\/fr\/wp-json\/wp\/v2\/product_tag?post=404"}],"curies":[{"name":"wp","href":"https:\/\/api.w.org\/{rel}","templated":true}]}}