{"id":407,"date":"2000-01-23T00:00:00","date_gmt":"2000-01-23T00:00:00","guid":{"rendered":"https:\/\/miners.rocks\/product\/45\/"},"modified":"2020-05-19T16:55:24","modified_gmt":"2020-05-19T16:55:24","slug":"palourde-fossile","status":"publish","type":"product","link":"https:\/\/westgem.shop\/fr\/produit\/palourde-fossile\/","title":{"rendered":"Palourde fossile"},"content":{"rendered":"<p>\u00e2ge env. 2 millions d'ann\u00e9es<\/p>\n<p>En exclusivit\u00e9 depuis les Keys de Floride<br \/>\nBelle palourde enti\u00e8re fossilis\u00e9e - le brun creux est rempli de calcite xx tr\u00e8s brillante dans ce qu'on appelle des \"coquilles\".<\/p>\n<p>localisation de la trouvaille : Mine de Fort Drum - Floride<\/p>\n<p>Poids:204 g Dim.:12 x 7.5 x 6 cm<\/p>","protected":false},"excerpt":{"rendered":"<p>\u00c2ge env. 2 millions d'ann\u00e9es Exclusivement des Keys de Floride Belle palourde fossilis\u00e9e enti\u00e8re - le brun creux est rempli de calcite xx tr\u00e8s brillante dans ce qu'on appelle la \"coquille\". Lieu de d\u00e9couverte : Fort Drum Mine - Floride Poids:204 g Dim.:12 x 7.5 x 6 cm<\/p>","protected":false},"featured_media":408,"template":"","meta":{"_acf_changed":false},"region":[],"product_brand":[],"product_cat":[15],"product_tag":[],"class_list":{"0":"post-407","1":"product","2":"type-product","3":"status-publish","4":"has-post-thumbnail","6":"product_cat-mineralien","8":"first","9":"outofstock","10":"sold-individually","11":"product-type-simple"},"acf":[],"_links":{"self":[{"href":"https:\/\/westgem.shop\/fr\/wp-json\/wp\/v2\/product\/407","targetHints":{"allow":["GET"]}}],"collection":[{"href":"https:\/\/westgem.shop\/fr\/wp-json\/wp\/v2\/product"}],"about":[{"href":"https:\/\/westgem.shop\/fr\/wp-json\/wp\/v2\/types\/product"}],"wp:featuredmedia":[{"embeddable":true,"href":"https:\/\/westgem.shop\/fr\/wp-json\/wp\/v2\/media\/408"}],"wp:attachment":[{"href":"https:\/\/westgem.shop\/fr\/wp-json\/wp\/v2\/media?parent=407"}],"wp:term":[{"taxonomy":"region","embeddable":true,"href":"https:\/\/westgem.shop\/fr\/wp-json\/wp\/v2\/region?post=407"},{"taxonomy":"product_brand","embeddable":true,"href":"https:\/\/westgem.shop\/fr\/wp-json\/wp\/v2\/product_brand?post=407"},{"taxonomy":"product_cat","embeddable":true,"href":"https:\/\/westgem.shop\/fr\/wp-json\/wp\/v2\/product_cat?post=407"},{"taxonomy":"product_tag","embeddable":true,"href":"https:\/\/westgem.shop\/fr\/wp-json\/wp\/v2\/product_tag?post=407"}],"curies":[{"name":"wp","href":"https:\/\/api.w.org\/{rel}","templated":true}]}}