{"id":411,"date":"2000-01-24T00:00:00","date_gmt":"2000-01-24T00:00:00","guid":{"rendered":"https:\/\/miners.rocks\/product\/47\/"},"modified":"2020-05-19T16:55:25","modified_gmt":"2020-05-19T16:55:25","slug":"perisphinctes","status":"publish","type":"product","link":"https:\/\/westgem.shop\/fr\/produit\/perisphinctes\/","title":{"rendered":"Perisphinctes"},"content":{"rendered":"<p>Poids :566 g (0,56 kg)<\/p>\n<p>Dimensions : 14 x 12 x3.5 cm<\/p>\n<p>Ammonites fossilis\u00e9es - encore avec la couche de craie originale du site de Madagascar.<br \/>\n\u00c2ge : environ 150 millions d'ann\u00e9es<\/p>","protected":false},"excerpt":{"rendered":"<p>Poids :566 g (0,56 kg) Dimensions : 14 x 12 x3.5 cm Ammonites fossilis\u00e9es - encore avec la couche de craie originale du site de Madagascar. \u00c2ge : environ 150 millions d'ann\u00e9es<\/p>","protected":false},"featured_media":412,"template":"","meta":{"_acf_changed":false},"region":[],"product_brand":[],"product_cat":[15],"product_tag":[],"class_list":{"0":"post-411","1":"product","2":"type-product","3":"status-publish","4":"has-post-thumbnail","6":"product_cat-mineralien","8":"first","9":"outofstock","10":"sold-individually","11":"product-type-simple"},"acf":[],"_links":{"self":[{"href":"https:\/\/westgem.shop\/fr\/wp-json\/wp\/v2\/product\/411","targetHints":{"allow":["GET"]}}],"collection":[{"href":"https:\/\/westgem.shop\/fr\/wp-json\/wp\/v2\/product"}],"about":[{"href":"https:\/\/westgem.shop\/fr\/wp-json\/wp\/v2\/types\/product"}],"wp:featuredmedia":[{"embeddable":true,"href":"https:\/\/westgem.shop\/fr\/wp-json\/wp\/v2\/media\/412"}],"wp:attachment":[{"href":"https:\/\/westgem.shop\/fr\/wp-json\/wp\/v2\/media?parent=411"}],"wp:term":[{"taxonomy":"region","embeddable":true,"href":"https:\/\/westgem.shop\/fr\/wp-json\/wp\/v2\/region?post=411"},{"taxonomy":"product_brand","embeddable":true,"href":"https:\/\/westgem.shop\/fr\/wp-json\/wp\/v2\/product_brand?post=411"},{"taxonomy":"product_cat","embeddable":true,"href":"https:\/\/westgem.shop\/fr\/wp-json\/wp\/v2\/product_cat?post=411"},{"taxonomy":"product_tag","embeddable":true,"href":"https:\/\/westgem.shop\/fr\/wp-json\/wp\/v2\/product_tag?post=411"}],"curies":[{"name":"wp","href":"https:\/\/api.w.org\/{rel}","templated":true}]}}