{"id":414,"date":"2000-01-25T00:00:00","date_gmt":"2000-01-25T00:00:00","guid":{"rendered":"https:\/\/miners.rocks\/product\/49\/"},"modified":"2020-05-19T16:55:25","modified_gmt":"2020-05-19T16:55:25","slug":"phylloceras","status":"publish","type":"product","link":"https:\/\/westgem.shop\/fr\/produit\/phylloceras\/","title":{"rendered":"Phylloceras"},"content":{"rendered":"<p>localisation de la trouvaille:R\u00e9gion Anosy -Madagascar<\/p>\n<p>Ammonite fossilis\u00e9e d'environ 100 millions d'ann\u00e9es<br \/>\nChambres partiellement remplies de calcite jaune.<br \/>\nDemi-ammonite polie des deux c\u00f4t\u00e9s.<\/p>\n<p>Poids:473 g(0,47 kg) Dim : 17 x 13.5 x 2 cm<\/p>","protected":false},"excerpt":{"rendered":"<p>Lieu de d\u00e9couverte : R\u00e9gion d'Anosy -Madagascar Ammonite fossilis\u00e9e d'environ 100 millions d'ann\u00e9es Chambres en partie remplies de calcite jaune. Demi ammonite polie des deux c\u00f4t\u00e9s. Poids:473 g(0,47 kg) Dim : 17 x 13.5 x 2 cm<\/p>","protected":false},"featured_media":415,"template":"","meta":{"_acf_changed":false},"region":[],"product_brand":[],"product_cat":[15],"product_tag":[],"class_list":{"0":"post-414","1":"product","2":"type-product","3":"status-publish","4":"has-post-thumbnail","6":"product_cat-mineralien","8":"first","9":"outofstock","10":"sold-individually","11":"product-type-simple"},"acf":[],"_links":{"self":[{"href":"https:\/\/westgem.shop\/fr\/wp-json\/wp\/v2\/product\/414","targetHints":{"allow":["GET"]}}],"collection":[{"href":"https:\/\/westgem.shop\/fr\/wp-json\/wp\/v2\/product"}],"about":[{"href":"https:\/\/westgem.shop\/fr\/wp-json\/wp\/v2\/types\/product"}],"wp:featuredmedia":[{"embeddable":true,"href":"https:\/\/westgem.shop\/fr\/wp-json\/wp\/v2\/media\/415"}],"wp:attachment":[{"href":"https:\/\/westgem.shop\/fr\/wp-json\/wp\/v2\/media?parent=414"}],"wp:term":[{"taxonomy":"region","embeddable":true,"href":"https:\/\/westgem.shop\/fr\/wp-json\/wp\/v2\/region?post=414"},{"taxonomy":"product_brand","embeddable":true,"href":"https:\/\/westgem.shop\/fr\/wp-json\/wp\/v2\/product_brand?post=414"},{"taxonomy":"product_cat","embeddable":true,"href":"https:\/\/westgem.shop\/fr\/wp-json\/wp\/v2\/product_cat?post=414"},{"taxonomy":"product_tag","embeddable":true,"href":"https:\/\/westgem.shop\/fr\/wp-json\/wp\/v2\/product_tag?post=414"}],"curies":[{"name":"wp","href":"https:\/\/api.w.org\/{rel}","templated":true}]}}