{"id":416,"date":"2000-01-26T00:00:00","date_gmt":"2000-01-26T00:00:00","guid":{"rendered":"https:\/\/miners.rocks\/product\/50\/"},"modified":"2020-05-19T16:55:25","modified_gmt":"2020-05-19T16:55:25","slug":"phylloceras-dos-opalise","status":"publish","type":"product","link":"https:\/\/westgem.shop\/fr\/produit\/phylloceras-dos-opalise\/","title":{"rendered":"Dos de Phylloceras - \" opalis\u00e9 \""},"content":{"rendered":"<p>localisation de la trouvaille : R\u00e9gion Anosy -Madagascar<\/p>\n<p>Moiti\u00e9 d'ammonite polie tr\u00e8s d\u00e9corative - le verso montre des irisations nacr\u00e9es sur toute la surface avec des \"irisations opalescentes\" vertes et rouge\u00e2tres.<\/p>\n<p>Poids : 689 g (0,69 kg) Dimensions : 18.5 x 16 x 2 cm<\/p>","protected":false},"excerpt":{"rendered":"<p>Localisation : R\u00e9gion d'Anosy -Madagascar Demi-ammonite polie tr\u00e8s d\u00e9corative - le revers montre des irisations nacr\u00e9es sur toute la surface avec des irisations \"opalescentes\" vertes et rouge\u00e2tres Poids : 689 g (0,69 kg) Dimensions : 18.5 x 16 x 2 cm<\/p>","protected":false},"featured_media":417,"template":"","meta":{"_acf_changed":false},"region":[],"product_brand":[],"product_cat":[15],"product_tag":[],"class_list":{"0":"post-416","1":"product","2":"type-product","3":"status-publish","4":"has-post-thumbnail","6":"product_cat-mineralien","8":"first","9":"outofstock","10":"sold-individually","11":"product-type-simple"},"acf":[],"_links":{"self":[{"href":"https:\/\/westgem.shop\/fr\/wp-json\/wp\/v2\/product\/416","targetHints":{"allow":["GET"]}}],"collection":[{"href":"https:\/\/westgem.shop\/fr\/wp-json\/wp\/v2\/product"}],"about":[{"href":"https:\/\/westgem.shop\/fr\/wp-json\/wp\/v2\/types\/product"}],"wp:featuredmedia":[{"embeddable":true,"href":"https:\/\/westgem.shop\/fr\/wp-json\/wp\/v2\/media\/417"}],"wp:attachment":[{"href":"https:\/\/westgem.shop\/fr\/wp-json\/wp\/v2\/media?parent=416"}],"wp:term":[{"taxonomy":"region","embeddable":true,"href":"https:\/\/westgem.shop\/fr\/wp-json\/wp\/v2\/region?post=416"},{"taxonomy":"product_brand","embeddable":true,"href":"https:\/\/westgem.shop\/fr\/wp-json\/wp\/v2\/product_brand?post=416"},{"taxonomy":"product_cat","embeddable":true,"href":"https:\/\/westgem.shop\/fr\/wp-json\/wp\/v2\/product_cat?post=416"},{"taxonomy":"product_tag","embeddable":true,"href":"https:\/\/westgem.shop\/fr\/wp-json\/wp\/v2\/product_tag?post=416"}],"curies":[{"name":"wp","href":"https:\/\/api.w.org\/{rel}","templated":true}]}}