{"id":419,"date":"2000-01-27T00:00:00","date_gmt":"2000-01-27T00:00:00","guid":{"rendered":"https:\/\/miners.rocks\/product\/51\/"},"modified":"2020-05-19T16:55:25","modified_gmt":"2020-05-19T16:55:25","slug":"ocean-jaspis-poli-sur-toute-la-face","status":"publish","type":"product","link":"https:\/\/westgem.shop\/fr\/produit\/ocean-jaspis-poli-sur-toute-la-face\/","title":{"rendered":"Ocean Jaspis -enti\u00e8rement polie"},"content":{"rendered":"<p>\"En r\u00e9alit\u00e9, il s'agit de proportions variables d'agate rhyolite et de jaspe.<\/p>\n<p>Les structures circulaires sont des sph\u00e9rolithes, c'est pourquoi ces vari\u00e9t\u00e9s sont \u00e9galement propos\u00e9es comme \"agate \u00e0 \u0153il\".<\/p>\n<p>Les pierres brutes sont trouv\u00e9es \u00e0 Morovato, \u00e0 Madagascar.<\/p>\n<p>Poids : 2.26 kg Dimensions : 18 x 16 x 8 cm<\/p>","protected":false},"excerpt":{"rendered":"<p>Le \"jaspe oc\u00e9anique\" est la d\u00e9nomination commerciale de cette vari\u00e9t\u00e9 de quartz. En fait, il s'agit min\u00e9ralogiquement de proportions variables d'agate rhyolite et de jaspe. Les structures circulaires sont des sph\u00e9rolites, c'est pourquoi ces vari\u00e9t\u00e9s sont aussi appel\u00e9es \"agate \u00e0 \u0153il\". Le lieu de d\u00e9couverte des pierres brutes est Morovato \u00e0 Madagascar Poids : 2.26 kg Dimensions : 18 x 16 x 8 cm<\/p>","protected":false},"featured_media":420,"template":"","meta":{"_acf_changed":false},"region":[],"product_brand":[],"product_cat":[15],"product_tag":[],"class_list":{"0":"post-419","1":"product","2":"type-product","3":"status-publish","4":"has-post-thumbnail","6":"product_cat-mineralien","8":"first","9":"outofstock","10":"sold-individually","11":"product-type-simple"},"acf":[],"_links":{"self":[{"href":"https:\/\/westgem.shop\/fr\/wp-json\/wp\/v2\/product\/419","targetHints":{"allow":["GET"]}}],"collection":[{"href":"https:\/\/westgem.shop\/fr\/wp-json\/wp\/v2\/product"}],"about":[{"href":"https:\/\/westgem.shop\/fr\/wp-json\/wp\/v2\/types\/product"}],"wp:featuredmedia":[{"embeddable":true,"href":"https:\/\/westgem.shop\/fr\/wp-json\/wp\/v2\/media\/420"}],"wp:attachment":[{"href":"https:\/\/westgem.shop\/fr\/wp-json\/wp\/v2\/media?parent=419"}],"wp:term":[{"taxonomy":"region","embeddable":true,"href":"https:\/\/westgem.shop\/fr\/wp-json\/wp\/v2\/region?post=419"},{"taxonomy":"product_brand","embeddable":true,"href":"https:\/\/westgem.shop\/fr\/wp-json\/wp\/v2\/product_brand?post=419"},{"taxonomy":"product_cat","embeddable":true,"href":"https:\/\/westgem.shop\/fr\/wp-json\/wp\/v2\/product_cat?post=419"},{"taxonomy":"product_tag","embeddable":true,"href":"https:\/\/westgem.shop\/fr\/wp-json\/wp\/v2\/product_tag?post=419"}],"curies":[{"name":"wp","href":"https:\/\/api.w.org\/{rel}","templated":true}]}}