{"id":422,"date":"2000-01-28T00:00:00","date_gmt":"2000-01-28T00:00:00","guid":{"rendered":"https:\/\/miners.rocks\/product\/52\/"},"modified":"2020-05-19T16:55:26","modified_gmt":"2020-05-19T16:55:26","slug":"jaspe-docean-poli-sur-une-face","status":"publish","type":"product","link":"https:\/\/westgem.shop\/fr\/produit\/jaspe-docean-poli-sur-une-face\/","title":{"rendered":"Ocean Jaspis - polie d'un c\u00f4t\u00e9"},"content":{"rendered":"<p>\"En r\u00e9alit\u00e9, il s'agit de proportions variables d'agate rhyolite et de jaspe.<\/p>\n<p>Les structures circulaires sont des sph\u00e9rolithes, c'est pourquoi ces vari\u00e9t\u00e9s sont \u00e9galement propos\u00e9es comme \"agate \u00e0 \u0153il\".<\/p>\n<p>Superbe pi\u00e8ce de d\u00e9coration pour le salon, le bureau ...<\/p>\n<p>Les pierres brutes sont trouv\u00e9es \u00e0 Morovato, \u00e0 Madagascar.<\/p>\n<p>poids : 1.80 kg<\/p>\n<p>Dimensions : 20 x 18 x 5 cm<\/p>","protected":false},"excerpt":{"rendered":"<p>Le \"jaspe oc\u00e9anique\" est la d\u00e9nomination commerciale de cette vari\u00e9t\u00e9 de quartz. En fait, il s'agit min\u00e9ralogiquement de proportions variables d'agate rhyolite et de jaspe. Les structures circulaires sont des sph\u00e9rolites, c'est pourquoi ces vari\u00e9t\u00e9s sont aussi appel\u00e9es \"agate \u00e0 \u0153il\". Superbe pi\u00e8ce de d\u00e9coration pour les pi\u00e8ces d'habitation, le bureau ... Les pierres brutes ont \u00e9t\u00e9 trouv\u00e9es \u00e0 Morovato, Madagascar Poids : 1,80 kg Dimensions : 20 x 18 x 5 cm<\/p>","protected":false},"featured_media":423,"template":"","meta":{"_acf_changed":false},"region":[],"product_brand":[],"product_cat":[15],"product_tag":[],"class_list":{"0":"post-422","1":"product","2":"type-product","3":"status-publish","4":"has-post-thumbnail","6":"product_cat-mineralien","8":"first","9":"outofstock","10":"sold-individually","11":"product-type-simple"},"acf":[],"_links":{"self":[{"href":"https:\/\/westgem.shop\/fr\/wp-json\/wp\/v2\/product\/422","targetHints":{"allow":["GET"]}}],"collection":[{"href":"https:\/\/westgem.shop\/fr\/wp-json\/wp\/v2\/product"}],"about":[{"href":"https:\/\/westgem.shop\/fr\/wp-json\/wp\/v2\/types\/product"}],"wp:featuredmedia":[{"embeddable":true,"href":"https:\/\/westgem.shop\/fr\/wp-json\/wp\/v2\/media\/423"}],"wp:attachment":[{"href":"https:\/\/westgem.shop\/fr\/wp-json\/wp\/v2\/media?parent=422"}],"wp:term":[{"taxonomy":"region","embeddable":true,"href":"https:\/\/westgem.shop\/fr\/wp-json\/wp\/v2\/region?post=422"},{"taxonomy":"product_brand","embeddable":true,"href":"https:\/\/westgem.shop\/fr\/wp-json\/wp\/v2\/product_brand?post=422"},{"taxonomy":"product_cat","embeddable":true,"href":"https:\/\/westgem.shop\/fr\/wp-json\/wp\/v2\/product_cat?post=422"},{"taxonomy":"product_tag","embeddable":true,"href":"https:\/\/westgem.shop\/fr\/wp-json\/wp\/v2\/product_tag?post=422"}],"curies":[{"name":"wp","href":"https:\/\/api.w.org\/{rel}","templated":true}]}}