{"id":425,"date":"2000-01-29T00:00:00","date_gmt":"2000-01-29T00:00:00","guid":{"rendered":"https:\/\/miners.rocks\/product\/53\/"},"modified":"2020-05-19T16:55:26","modified_gmt":"2020-05-19T16:55:26","slug":"vanadinite-xx-3","status":"publish","type":"product","link":"https:\/\/westgem.shop\/fr\/produit\/vanadinite-xx-3\/","title":{"rendered":"VANADINIT xx"},"content":{"rendered":"<p>Les cristaux de VANADINIT se forment dans les zones d'alt\u00e9ration des gisements de BLEI.<\/p>\n<p>Les sites de Mibladen ont \u00e9t\u00e9 compl\u00e8tement vid\u00e9s et il n'y a pas eu de nouvelles d\u00e9couvertes significatives depuis des ann\u00e9es. Les marches de bonne qualit\u00e9 provenant d'anciennes collections sont devenues tr\u00e8s ch\u00e8res, m\u00eame au Maroc.<\/p>\n<p>Belle et grande marche en VANADINITE avec de nombreux cristaux, certes petits mais de bonne couleur et brillants comme des diamants.<\/p>\n<p>poids : 0,80 kilogramme<\/p>\n<p>Dim:15 x 13.5 x 5 cm La derni\u00e8re photo est le dos .<\/p>","protected":false},"excerpt":{"rendered":"<p>Les cristaux de VANADINIT se forment dans les zones d'alt\u00e9ration des gisements de BLEI. Les gisements de Mibladen ont \u00e9t\u00e9 compl\u00e8tement vid\u00e9s et il n'y a pas eu de nouvelles d\u00e9couvertes significatives depuis des ann\u00e9es. Les bons niveaux provenant d'anciens gisements sont devenus tr\u00e8s chers, m\u00eame au Maroc. Belle et grande marche en VANADINITE avec de nombreux cristaux, certes petits mais de bonne couleur et brillants comme des diamants. Poids : 0,80 kilogrammes Dim.:15 [...]<\/p>","protected":false},"featured_media":426,"template":"","meta":{"_acf_changed":false},"region":[],"product_brand":[],"product_cat":[15],"product_tag":[],"class_list":{"0":"post-425","1":"product","2":"type-product","3":"status-publish","4":"has-post-thumbnail","6":"product_cat-mineralien","8":"first","9":"outofstock","10":"sold-individually","11":"product-type-simple"},"acf":[],"_links":{"self":[{"href":"https:\/\/westgem.shop\/fr\/wp-json\/wp\/v2\/product\/425","targetHints":{"allow":["GET"]}}],"collection":[{"href":"https:\/\/westgem.shop\/fr\/wp-json\/wp\/v2\/product"}],"about":[{"href":"https:\/\/westgem.shop\/fr\/wp-json\/wp\/v2\/types\/product"}],"wp:featuredmedia":[{"embeddable":true,"href":"https:\/\/westgem.shop\/fr\/wp-json\/wp\/v2\/media\/426"}],"wp:attachment":[{"href":"https:\/\/westgem.shop\/fr\/wp-json\/wp\/v2\/media?parent=425"}],"wp:term":[{"taxonomy":"region","embeddable":true,"href":"https:\/\/westgem.shop\/fr\/wp-json\/wp\/v2\/region?post=425"},{"taxonomy":"product_brand","embeddable":true,"href":"https:\/\/westgem.shop\/fr\/wp-json\/wp\/v2\/product_brand?post=425"},{"taxonomy":"product_cat","embeddable":true,"href":"https:\/\/westgem.shop\/fr\/wp-json\/wp\/v2\/product_cat?post=425"},{"taxonomy":"product_tag","embeddable":true,"href":"https:\/\/westgem.shop\/fr\/wp-json\/wp\/v2\/product_tag?post=425"}],"curies":[{"name":"wp","href":"https:\/\/api.w.org\/{rel}","templated":true}]}}