{"id":431,"date":"2000-01-30T00:00:00","date_gmt":"2000-01-30T00:00:00","guid":{"rendered":"https:\/\/miners.rocks\/product\/55\/"},"modified":"2020-05-19T16:55:26","modified_gmt":"2020-05-19T16:55:26","slug":"calcite-xx-sur-minerai-dantimoine","status":"publish","type":"product","link":"https:\/\/westgem.shop\/fr\/produit\/calcite-xx-sur-minerai-dantimoine\/","title":{"rendered":"KALKSPAT xx sur ANTIMONITERZ"},"content":{"rendered":"<p>Nous avions 40 marches de ce CALCITE sp\u00e9cial, dont des grandes marches de 20 kg - elles \u00e9taient tr\u00e8s recherch\u00e9es et sont d\u00e9j\u00e0 toutes vendues. Ces marches sp\u00e9ciales proviennent d'une  <u>Exploitation mini\u00e8re de l'antimonite<\/u> en Chine. En 1999, environ 1000 marches ont \u00e9t\u00e9 extraites des fissures des couches d'antimonite, les meilleures marches ont presque toutes \u00e9t\u00e9 vendues \u00e0 des collectionneurs am\u00e9ricains. Nous avons encore quelques-uns de ces magnifiques marches en CALCITE en stock - il n'y a que peu de pi\u00e8ces de cette d\u00e9couverte en Europe.<\/p>\n<p>CALCITES ambr\u00e9es xx sur ANTIMONITE ERZ<\/p>\n<p>Poids de cette marche . : 1 kg Dim... : Marche : 15 x 10 x 11<\/p>\n<p>10 x 6 cmx 4,5 cm est le magnifique scalaire en cristal<\/p>\n<p>localisation de la trouvaille : Mine de Xionghuang - Wuyu Guangxi -Chine<\/p>","protected":false},"excerpt":{"rendered":"<p>Nous avions 40 marches de cette CALCITE sp\u00e9ciale, dont des grandes marches de 20 kg - elles \u00e9taient tr\u00e8s recherch\u00e9es et ont d\u00e9j\u00e0 toutes \u00e9t\u00e9 vendues. Ces marches sp\u00e9ciales proviennent d'une mine d'antimonite en Chine. En 1999, environ 1000 marches ont \u00e9t\u00e9 extraites des fissures des couches d'antimonite, les meilleures marches ont presque toutes \u00e9t\u00e9 vendues \u00e0 des collectionneurs am\u00e9ricains. Nous avons encore quelques [...]<\/p>","protected":false},"featured_media":432,"template":"","meta":{"_acf_changed":false},"region":[],"product_brand":[],"product_cat":[15],"product_tag":[],"class_list":{"0":"post-431","1":"product","2":"type-product","3":"status-publish","4":"has-post-thumbnail","6":"product_cat-mineralien","8":"first","9":"outofstock","10":"sold-individually","11":"product-type-simple"},"acf":[],"_links":{"self":[{"href":"https:\/\/westgem.shop\/fr\/wp-json\/wp\/v2\/product\/431","targetHints":{"allow":["GET"]}}],"collection":[{"href":"https:\/\/westgem.shop\/fr\/wp-json\/wp\/v2\/product"}],"about":[{"href":"https:\/\/westgem.shop\/fr\/wp-json\/wp\/v2\/types\/product"}],"wp:featuredmedia":[{"embeddable":true,"href":"https:\/\/westgem.shop\/fr\/wp-json\/wp\/v2\/media\/432"}],"wp:attachment":[{"href":"https:\/\/westgem.shop\/fr\/wp-json\/wp\/v2\/media?parent=431"}],"wp:term":[{"taxonomy":"region","embeddable":true,"href":"https:\/\/westgem.shop\/fr\/wp-json\/wp\/v2\/region?post=431"},{"taxonomy":"product_brand","embeddable":true,"href":"https:\/\/westgem.shop\/fr\/wp-json\/wp\/v2\/product_brand?post=431"},{"taxonomy":"product_cat","embeddable":true,"href":"https:\/\/westgem.shop\/fr\/wp-json\/wp\/v2\/product_cat?post=431"},{"taxonomy":"product_tag","embeddable":true,"href":"https:\/\/westgem.shop\/fr\/wp-json\/wp\/v2\/product_tag?post=431"}],"curies":[{"name":"wp","href":"https:\/\/api.w.org\/{rel}","templated":true}]}}