{"id":437,"date":"2000-01-31T00:00:00","date_gmt":"2000-01-31T00:00:00","guid":{"rendered":"https:\/\/miners.rocks\/product\/58\/"},"modified":"2020-05-19T16:55:28","modified_gmt":"2020-05-19T16:55:28","slug":"vanadinite-xx-sur-barytine-noire-xx","status":"publish","type":"product","link":"https:\/\/westgem.shop\/fr\/produit\/vanadinite-xx-sur-barytine-noire-xx\/","title":{"rendered":"VANADINIT xx sur BARYT xx noir"},"content":{"rendered":"<p>\n\tRaret\u00e9 - de telles qualit\u00e9s ne sont normalement PLUS sur le march\u00e9. !<\/p>\n<p>\n\tPoids : 0,60 kg Dimensions : 10 x 9 x 5 cm Nombreux cristaux jusqu'\u00e0 1 cm de taille<\/p>\n<p>\n\tlocalisation de la trouvaille : Mine d'El Kwal -Miblades -Midelt - Maroc<\/p>\n<p>\n\tMarche de premi\u00e8re classe avec VANADINIT xx tr\u00e8s brillant sur BARYT xx noir<\/p>\n<p>\n\tLa derni\u00e8re photo montre les marches du bas<\/p>","protected":false},"excerpt":{"rendered":"<p>Raret\u00e9 - de telles qualit\u00e9s ne sont normalement PLUS sur le march\u00e9. ! Poids : 0,60 kg Dimensions : 10 x 9 x 5 cm Beaucoup de cristaux jusqu'\u00e0 1 cm Lieu de d\u00e9couverte : Mine d'El Kwal -Mibladen -Midelt - Maroc Marche de premi\u00e8re classe avec des VANADINITES xx tr\u00e8s brillantes sur des BARYT xx noirs La derni\u00e8re photo montre la face inf\u00e9rieure des marches<\/p>","protected":false},"featured_media":438,"template":"","meta":{"_acf_changed":false},"region":[],"product_brand":[],"product_cat":[15],"product_tag":[],"class_list":{"0":"post-437","1":"product","2":"type-product","3":"status-publish","4":"has-post-thumbnail","6":"product_cat-mineralien","8":"first","9":"outofstock","10":"sold-individually","11":"product-type-simple"},"acf":[],"_links":{"self":[{"href":"https:\/\/westgem.shop\/fr\/wp-json\/wp\/v2\/product\/437","targetHints":{"allow":["GET"]}}],"collection":[{"href":"https:\/\/westgem.shop\/fr\/wp-json\/wp\/v2\/product"}],"about":[{"href":"https:\/\/westgem.shop\/fr\/wp-json\/wp\/v2\/types\/product"}],"wp:featuredmedia":[{"embeddable":true,"href":"https:\/\/westgem.shop\/fr\/wp-json\/wp\/v2\/media\/438"}],"wp:attachment":[{"href":"https:\/\/westgem.shop\/fr\/wp-json\/wp\/v2\/media?parent=437"}],"wp:term":[{"taxonomy":"region","embeddable":true,"href":"https:\/\/westgem.shop\/fr\/wp-json\/wp\/v2\/region?post=437"},{"taxonomy":"product_brand","embeddable":true,"href":"https:\/\/westgem.shop\/fr\/wp-json\/wp\/v2\/product_brand?post=437"},{"taxonomy":"product_cat","embeddable":true,"href":"https:\/\/westgem.shop\/fr\/wp-json\/wp\/v2\/product_cat?post=437"},{"taxonomy":"product_tag","embeddable":true,"href":"https:\/\/westgem.shop\/fr\/wp-json\/wp\/v2\/product_tag?post=437"}],"curies":[{"name":"wp","href":"https:\/\/api.w.org\/{rel}","templated":true}]}}