{"id":443,"date":"2000-02-01T00:00:00","date_gmt":"2000-02-01T00:00:00","guid":{"rendered":"https:\/\/miners.rocks\/product\/59\/"},"modified":"2020-05-19T16:55:28","modified_gmt":"2020-05-19T16:55:28","slug":"mookait","status":"publish","type":"product","link":"https:\/\/westgem.shop\/fr\/produit\/mookait\/","title":{"rendered":"Mookait"},"content":{"rendered":"<p>La mooka\u00efte a toujours \u00e9t\u00e9 d\u00e9crite comme une vari\u00e9t\u00e9 de jaspe. Des \u00e9tudes min\u00e9ralogiques r\u00e9centes ont montr\u00e9 la composition suivante en compartiments altern\u00e9s-- calc\u00e9doine -hert (silex) et opalite-.<\/p>\n<p>Poids:2.16 kg Dimensions : 21 x 11 x 8 cm<\/p>\n<p>Superbe pi\u00e8ce de d\u00e9coration aux couleurs typiques du mookait . AUTRES PI\u00c8CES dans la cat\u00e9gorie <br \/>\nMATI\u00c8RE PREMI\u00c8RE NATURE<\/p>\n<p>\u00c2ge sup\u00e9rieur \u00e0 1 milliard d'ann\u00e9es<br \/>\nTrouv\u00e9 sur la rivi\u00e8re Gascoine \u00e0 Mooka Mooka Country -Western Australia<\/p>","protected":false},"excerpt":{"rendered":"<p>La mooca\u00efte a toujours \u00e9t\u00e9 d\u00e9crite comme une vari\u00e9t\u00e9 de jaspe. Des \u00e9tudes min\u00e9ralogiques r\u00e9centes montrent la composition suivante en compartiments altern\u00e9s- calc\u00e9doine -hert(silex) et opalite- Poids:2.16 kg Dimensions : 21 x 11 x 8 cm Superbe pi\u00e8ce d\u00e9corative aux couleurs typiques de la mooca\u00efte. AUTRES PI\u00c8CES dans la cat\u00e9gorie PRODUITS NATURELS \u00c2ge sup\u00e9rieur \u00e0 1 milliard d'ann\u00e9es Trouv\u00e9 sur la rivi\u00e8re Gascoine \u00e0 Mooka Mooka [...]<\/p>","protected":false},"featured_media":444,"template":"","meta":{"_acf_changed":false},"region":[],"product_brand":[],"product_cat":[15],"product_tag":[],"class_list":{"0":"post-443","1":"product","2":"type-product","3":"status-publish","4":"has-post-thumbnail","6":"product_cat-mineralien","8":"first","9":"outofstock","10":"sold-individually","11":"product-type-simple"},"acf":[],"_links":{"self":[{"href":"https:\/\/westgem.shop\/fr\/wp-json\/wp\/v2\/product\/443","targetHints":{"allow":["GET"]}}],"collection":[{"href":"https:\/\/westgem.shop\/fr\/wp-json\/wp\/v2\/product"}],"about":[{"href":"https:\/\/westgem.shop\/fr\/wp-json\/wp\/v2\/types\/product"}],"wp:featuredmedia":[{"embeddable":true,"href":"https:\/\/westgem.shop\/fr\/wp-json\/wp\/v2\/media\/444"}],"wp:attachment":[{"href":"https:\/\/westgem.shop\/fr\/wp-json\/wp\/v2\/media?parent=443"}],"wp:term":[{"taxonomy":"region","embeddable":true,"href":"https:\/\/westgem.shop\/fr\/wp-json\/wp\/v2\/region?post=443"},{"taxonomy":"product_brand","embeddable":true,"href":"https:\/\/westgem.shop\/fr\/wp-json\/wp\/v2\/product_brand?post=443"},{"taxonomy":"product_cat","embeddable":true,"href":"https:\/\/westgem.shop\/fr\/wp-json\/wp\/v2\/product_cat?post=443"},{"taxonomy":"product_tag","embeddable":true,"href":"https:\/\/westgem.shop\/fr\/wp-json\/wp\/v2\/product_tag?post=443"}],"curies":[{"name":"wp","href":"https:\/\/api.w.org\/{rel}","templated":true}]}}