{"id":446,"date":"2000-02-02T00:00:00","date_gmt":"2000-02-02T00:00:00","guid":{"rendered":"https:\/\/miners.rocks\/product\/60\/"},"modified":"2020-05-19T16:55:29","modified_gmt":"2020-05-19T16:55:29","slug":"pierre-brute-de-mookait","status":"publish","type":"product","link":"https:\/\/westgem.shop\/fr\/produit\/pierre-brute-de-mookait\/","title":{"rendered":"Pierre brute de mookait"},"content":{"rendered":"<p>Cristaux mixtes de calc\u00e9doine avec du chert (silex) et de l'opalite en proportions variables.<\/p>\n<p>Lieu de d\u00e9couverte : Gascoigne River -Mooka Mooka -Australie<\/p>\n<p>\u00c2ge sup\u00e9rieur \u00e0 1 milliard d'ann\u00e9es<\/p>\n<p>Poids:1,76 kg<\/p>\n<p>Dimensions : 18 x 10 x 10 cm<\/p>","protected":false},"excerpt":{"rendered":"<p>Cristaux mixtes de calc\u00e9doine avec du chert (silex) et de l'opalite en proportions variables. Lieu de d\u00e9couverte : Gascoigne River -Mooka Mooka -Australie Age sup\u00e9rieur \u00e0 1 milliard d'ann\u00e9es Poids:1,76 kg Dimensions : 18 x 10 x 10 cm<\/p>","protected":false},"featured_media":447,"template":"","meta":{"_acf_changed":false},"region":[],"product_brand":[],"product_cat":[15],"product_tag":[],"class_list":{"0":"post-446","1":"product","2":"type-product","3":"status-publish","4":"has-post-thumbnail","6":"product_cat-mineralien","8":"first","9":"outofstock","10":"sold-individually","11":"product-type-simple"},"acf":[],"_links":{"self":[{"href":"https:\/\/westgem.shop\/fr\/wp-json\/wp\/v2\/product\/446","targetHints":{"allow":["GET"]}}],"collection":[{"href":"https:\/\/westgem.shop\/fr\/wp-json\/wp\/v2\/product"}],"about":[{"href":"https:\/\/westgem.shop\/fr\/wp-json\/wp\/v2\/types\/product"}],"wp:featuredmedia":[{"embeddable":true,"href":"https:\/\/westgem.shop\/fr\/wp-json\/wp\/v2\/media\/447"}],"wp:attachment":[{"href":"https:\/\/westgem.shop\/fr\/wp-json\/wp\/v2\/media?parent=446"}],"wp:term":[{"taxonomy":"region","embeddable":true,"href":"https:\/\/westgem.shop\/fr\/wp-json\/wp\/v2\/region?post=446"},{"taxonomy":"product_brand","embeddable":true,"href":"https:\/\/westgem.shop\/fr\/wp-json\/wp\/v2\/product_brand?post=446"},{"taxonomy":"product_cat","embeddable":true,"href":"https:\/\/westgem.shop\/fr\/wp-json\/wp\/v2\/product_cat?post=446"},{"taxonomy":"product_tag","embeddable":true,"href":"https:\/\/westgem.shop\/fr\/wp-json\/wp\/v2\/product_tag?post=446"}],"curies":[{"name":"wp","href":"https:\/\/api.w.org\/{rel}","templated":true}]}}