{"id":450,"date":"2000-02-03T00:00:00","date_gmt":"2000-02-03T00:00:00","guid":{"rendered":"https:\/\/miners.rocks\/product\/61\/"},"modified":"2020-05-19T16:55:29","modified_gmt":"2020-05-19T16:55:29","slug":"dendrites-calcites","status":"publish","type":"product","link":"https:\/\/westgem.shop\/fr\/produit\/dendrites-calcites\/","title":{"rendered":"Dendrites \"calcite \""},"content":{"rendered":"<p>Grande marche de plus de 3 kg.<\/p>\n<p>Dendrites de mangan\u00e8se \"petits arbres\" en grains fins blancs <br \/>\nCalcaire-calcite<\/p>\n<p>Nous avons achet\u00e9 ce lot il y a des ann\u00e9es pour le tailler, mais les dendrites s'incrustent dans la calcite blanche comme neige - malheureusement - cela aurait certainement fait des pendentifs attractifs. Nous vendons maintenant les pi\u00e8ces brutes dans le magasin, car le mat\u00e9riau est \u00e9galement int\u00e9ressant pour les collectionneurs, car il n'est pas tr\u00e8s courant.<\/p>\n<p>localisation de la trouvaille : Sahara -Maroc<\/p>\n<p>Cette pi\u00e8ce:20 x 13 x 7 cm<\/p>","protected":false},"excerpt":{"rendered":"<p>Grande marche avec plus de 3 kg. Dendrites de mangan\u00e8se \"petits arbres\" dans calcite blanche \u00e0 grain fin Nous avons achet\u00e9 ce lot il y a des ann\u00e9es pour le tailler, mais les dendrites s'incrustent dans la calcite blanche comme neige - malheureusement - cela aurait certainement fait des pendentifs attractifs. Nous vendons maintenant les pi\u00e8ces brutes dans le magasin, car le mat\u00e9riau est aussi int\u00e9ressant pour les collectionneurs, car il n'est pas tr\u00e8s [...].<\/p>","protected":false},"featured_media":451,"template":"","meta":{"_acf_changed":false},"region":[],"product_brand":[],"product_cat":[15],"product_tag":[],"class_list":{"0":"post-450","1":"product","2":"type-product","3":"status-publish","4":"has-post-thumbnail","6":"product_cat-mineralien","8":"first","9":"outofstock","10":"sold-individually","11":"product-type-simple"},"acf":[],"_links":{"self":[{"href":"https:\/\/westgem.shop\/fr\/wp-json\/wp\/v2\/product\/450","targetHints":{"allow":["GET"]}}],"collection":[{"href":"https:\/\/westgem.shop\/fr\/wp-json\/wp\/v2\/product"}],"about":[{"href":"https:\/\/westgem.shop\/fr\/wp-json\/wp\/v2\/types\/product"}],"wp:featuredmedia":[{"embeddable":true,"href":"https:\/\/westgem.shop\/fr\/wp-json\/wp\/v2\/media\/451"}],"wp:attachment":[{"href":"https:\/\/westgem.shop\/fr\/wp-json\/wp\/v2\/media?parent=450"}],"wp:term":[{"taxonomy":"region","embeddable":true,"href":"https:\/\/westgem.shop\/fr\/wp-json\/wp\/v2\/region?post=450"},{"taxonomy":"product_brand","embeddable":true,"href":"https:\/\/westgem.shop\/fr\/wp-json\/wp\/v2\/product_brand?post=450"},{"taxonomy":"product_cat","embeddable":true,"href":"https:\/\/westgem.shop\/fr\/wp-json\/wp\/v2\/product_cat?post=450"},{"taxonomy":"product_tag","embeddable":true,"href":"https:\/\/westgem.shop\/fr\/wp-json\/wp\/v2\/product_tag?post=450"}],"curies":[{"name":"wp","href":"https:\/\/api.w.org\/{rel}","templated":true}]}}