{"id":453,"date":"2000-02-04T00:00:00","date_gmt":"2000-02-04T00:00:00","guid":{"rendered":"https:\/\/miners.rocks\/product\/62\/"},"modified":"2020-05-19T16:55:29","modified_gmt":"2020-05-19T16:55:29","slug":"radentheinite","status":"publish","type":"product","link":"https:\/\/westgem.shop\/fr\/produit\/radentheinite\/","title":{"rendered":"Radentheinite"},"content":{"rendered":"<p>Les pierres proviennent de l'ancienne exploitation souterraine de grenat de Laufenberg sur l'Alpe de Millstatt. Le grenat extrait \u00e9tait utilis\u00e9 comme abrasif, les grenats dignes d'\u00eatre polis \u00e9taient transport\u00e9s en Boh\u00e8me, polis et transform\u00e9s en \"bijoux en grenat de Boh\u00e8me\", tr\u00e8s pris\u00e9s \u00e0 l'\u00e9poque de l'Empire allemand.<\/p>\n<p>Grenats rouges \u00e0 l'almandine et disth\u00e8nes blancs l\u00e9g\u00e8rement bleut\u00e9s dans du schiste \u00e0 barbe \u00e0 biotite<br \/>\nUne raret\u00e9 absolue de la localit\u00e9 type<\/p>\n<p>Il y a quelques ann\u00e9es, un collectionneur de min\u00e9raux a perdu la vie en p\u00e9n\u00e9trant dans les galeries en partie en ruine. Un rocher de plusieurs tonnes s'\u00e9tait d\u00e9tach\u00e9 et l'entr\u00e9e est depuis ferm\u00e9e.<\/p>\n<p>Poids:2.26 kg Dimensions : 18 x 12 x 4 cm<\/p>\n<p>la pi\u00e8ce est coup\u00e9e sur 3 c\u00f4t\u00e9s - non polie-photographi\u00e9e humide<\/p>","protected":false},"excerpt":{"rendered":"<p>Les pierres proviennent de l'ancienne exploitation souterraine de grenat de Laufenberg sur l'Alpe de Millstatt. Le grenat extrait \u00e9tait utilis\u00e9 comme abrasif, les grenats dignes d'\u00eatre taill\u00e9s \u00e9taient transport\u00e9s en Boh\u00e8me, taill\u00e9s et transform\u00e9s en \"bijoux de grenat de Boh\u00e8me\", tr\u00e8s pris\u00e9s \u00e0 l'\u00e9poque de l'Empire allemand. Grenats rouges \u00e0 l'almandine et disth\u00e8nes blancs, l\u00e9g\u00e8rement bleut\u00e9s, dans du biotite-graphite Une raret\u00e9 absolue [...].<\/p>","protected":false},"featured_media":454,"template":"","meta":{"_acf_changed":false},"region":[],"product_brand":[],"product_cat":[15],"product_tag":[],"class_list":{"0":"post-453","1":"product","2":"type-product","3":"status-publish","4":"has-post-thumbnail","6":"product_cat-mineralien","8":"first","9":"outofstock","10":"sold-individually","11":"product-type-simple"},"acf":[],"_links":{"self":[{"href":"https:\/\/westgem.shop\/fr\/wp-json\/wp\/v2\/product\/453","targetHints":{"allow":["GET"]}}],"collection":[{"href":"https:\/\/westgem.shop\/fr\/wp-json\/wp\/v2\/product"}],"about":[{"href":"https:\/\/westgem.shop\/fr\/wp-json\/wp\/v2\/types\/product"}],"wp:featuredmedia":[{"embeddable":true,"href":"https:\/\/westgem.shop\/fr\/wp-json\/wp\/v2\/media\/454"}],"wp:attachment":[{"href":"https:\/\/westgem.shop\/fr\/wp-json\/wp\/v2\/media?parent=453"}],"wp:term":[{"taxonomy":"region","embeddable":true,"href":"https:\/\/westgem.shop\/fr\/wp-json\/wp\/v2\/region?post=453"},{"taxonomy":"product_brand","embeddable":true,"href":"https:\/\/westgem.shop\/fr\/wp-json\/wp\/v2\/product_brand?post=453"},{"taxonomy":"product_cat","embeddable":true,"href":"https:\/\/westgem.shop\/fr\/wp-json\/wp\/v2\/product_cat?post=453"},{"taxonomy":"product_tag","embeddable":true,"href":"https:\/\/westgem.shop\/fr\/wp-json\/wp\/v2\/product_tag?post=453"}],"curies":[{"name":"wp","href":"https:\/\/api.w.org\/{rel}","templated":true}]}}