{"id":460,"date":"2000-02-06T00:00:00","date_gmt":"2000-02-06T00:00:00","guid":{"rendered":"https:\/\/miners.rocks\/product\/66\/"},"modified":"2020-05-19T16:55:30","modified_gmt":"2020-05-19T16:55:30","slug":"bois-petrifie-arizona-8","status":"publish","type":"product","link":"https:\/\/westgem.shop\/fr\/produit\/bois-petrifie-arizona-8\/","title":{"rendered":"Bois p\u00e9trifi\u00e9 - ARIZONA"},"content":{"rendered":"<p>Le fameux bois p\u00e9trifi\u00e9 du PETRIFIED WOOD \u00e0 ARIZONA a d\u00e9j\u00e0 \u00e9t\u00e9 extrait de la zone actuelle du parc national en 1955 et transport\u00e9 en Californie. Nous en avons achet\u00e9 un grand lot en 2003.<\/p>\n<p>Depuis 1961, la r\u00e9gion est devenue un PARC NATIONAL dont l'acc\u00e8s est r\u00e9serv\u00e9 aux millions de visiteurs. De plus, l'ensemble du parc national est rigoureusement surveill\u00e9 par les gardes forestiers.<\/p>\n<p>Lieu de d\u00e9couverte : <u>Petrified Forrest -Holbrook -Arizona -USA<\/u><\/p>\n<p>Poids<u>5,42 kg<\/u>  Dimensions : 22 x 16 x13 cm<\/p>\n<p>Superbe pi\u00e8ce de d\u00e9coration pour un espace de vie adapt\u00e9<\/p>","protected":false},"excerpt":{"rendered":"<p>Le fameux bois p\u00e9trifi\u00e9 du PETRIFIED WOOD \u00e0 ARIZONA a d\u00e9j\u00e0 \u00e9t\u00e9 extrait de la zone actuelle du parc national en 1955 et transport\u00e9 en Californie. Nous en avons achet\u00e9 un lot plus important en 2003. Depuis 1961, la r\u00e9gion est devenue un PARC NATIONAL, accessible uniquement aux millions de visiteurs, et [...].<\/p>","protected":false},"featured_media":461,"template":"","meta":{"_acf_changed":false},"region":[],"product_brand":[],"product_cat":[15],"product_tag":[],"class_list":{"0":"post-460","1":"product","2":"type-product","3":"status-publish","4":"has-post-thumbnail","6":"product_cat-mineralien","8":"first","9":"outofstock","10":"sold-individually","11":"product-type-simple"},"acf":[],"_links":{"self":[{"href":"https:\/\/westgem.shop\/fr\/wp-json\/wp\/v2\/product\/460","targetHints":{"allow":["GET"]}}],"collection":[{"href":"https:\/\/westgem.shop\/fr\/wp-json\/wp\/v2\/product"}],"about":[{"href":"https:\/\/westgem.shop\/fr\/wp-json\/wp\/v2\/types\/product"}],"wp:featuredmedia":[{"embeddable":true,"href":"https:\/\/westgem.shop\/fr\/wp-json\/wp\/v2\/media\/461"}],"wp:attachment":[{"href":"https:\/\/westgem.shop\/fr\/wp-json\/wp\/v2\/media?parent=460"}],"wp:term":[{"taxonomy":"region","embeddable":true,"href":"https:\/\/westgem.shop\/fr\/wp-json\/wp\/v2\/region?post=460"},{"taxonomy":"product_brand","embeddable":true,"href":"https:\/\/westgem.shop\/fr\/wp-json\/wp\/v2\/product_brand?post=460"},{"taxonomy":"product_cat","embeddable":true,"href":"https:\/\/westgem.shop\/fr\/wp-json\/wp\/v2\/product_cat?post=460"},{"taxonomy":"product_tag","embeddable":true,"href":"https:\/\/westgem.shop\/fr\/wp-json\/wp\/v2\/product_tag?post=460"}],"curies":[{"name":"wp","href":"https:\/\/api.w.org\/{rel}","templated":true}]}}